{"id":818280,"date":"2024-11-07T01:03:58","date_gmt":"2024-11-07T00:03:58","guid":{"rendered":"https:\/\/streetmarkets.fr\/app\/produit\/pull-col-rond-en-cachemire-brosse-a-motif-losange-h24-femme-baby-blue\/"},"modified":"2025-02-04T01:08:21","modified_gmt":"2025-02-04T00:08:21","slug":"pull-col-rond-en-cachemire-brosse-a-motif-losange-h24-femme-baby-blue","status":"publish","type":"product","link":"https:\/\/streetmarkets.fr\/app\/produit\/pull-col-rond-en-cachemire-brosse-a-motif-losange-h24-femme-baby-blue\/","title":{"rendered":"Pull Col Rond en Cachemire Bross\u00e9 \u00e0 Motif Losange (H24 \/ FEMME \/ Baby Blue)"},"content":{"rendered":"<p>Confectionn\u00e9 en cachemire bross\u00e9, ce pull court et oversize se distingue par ses losanges contrast\u00e9s et ses nuances douces. Orn\u00e9 d&#8217;une signature &#8220;FF&#8221; sur la poitrine, il d\u00e9voile un col rond, des manches courtes et des bords c\u00f4tel\u00e9s. Id\u00e9al pour r\u00e9chauffer votre allure de saison, il s&#8217;associe \u00e0 un jean ample ou une jupe fluide.<\/p>\n<p>&#8211; Pull court en cachemire bross\u00e9 Femme<br \/>\n<br \/>&#8211; Logo &#8220;FF&#8221; sur la poitrine<br \/>\n<br \/>&#8211; Motifs losanges contrast\u00e9s<br \/>\n<br \/>&#8211; Col rond<br \/>\n<br \/>&#8211; Manches courtes<br \/>\n<br \/>&#8211; Bords c\u00f4tel\u00e9s<br \/>\n<br \/>&#8211; Coupe oversize<br \/>&#8211; <u>Cachemire 2 fils<\/u> <\/p>\n","protected":false},"excerpt":{"rendered":"<p>Confectionn\u00e9 en cachemire bross\u00e9, ce pull court et oversize se distingue par ses losanges contrast\u00e9s et ses nuances douces. Orn\u00e9 d&#8217;une signature &#8220;FF&#8221; sur la poitrine, il d\u00e9voile un col rond, des manches courtes et des bords c\u00f4tel\u00e9s. Id\u00e9al pour r\u00e9chauffer votre allure de saison, il s&#8217;associe \u00e0 un jean ample ou une jupe fluide. [&hellip;]<\/p>\n","protected":false},"featured_media":818281,"comment_status":"open","ping_status":"closed","template":"","meta":[],"product_brand":[6868],"product_cat":[1756,1762],"product_tag":[2244],"acf":[],"_links":{"self":[{"href":"https:\/\/streetmarkets.fr\/app\/wp-json\/wp\/v2\/product\/818280"}],"collection":[{"href":"https:\/\/streetmarkets.fr\/app\/wp-json\/wp\/v2\/product"}],"about":[{"href":"https:\/\/streetmarkets.fr\/app\/wp-json\/wp\/v2\/types\/product"}],"replies":[{"embeddable":true,"href":"https:\/\/streetmarkets.fr\/app\/wp-json\/wp\/v2\/comments?post=818280"}],"wp:featuredmedia":[{"embeddable":true,"href":"https:\/\/streetmarkets.fr\/app\/wp-json\/wp\/v2\/media\/818281"}],"wp:attachment":[{"href":"https:\/\/streetmarkets.fr\/app\/wp-json\/wp\/v2\/media?parent=818280"}],"wp:term":[{"taxonomy":"product_brand","embeddable":true,"href":"https:\/\/streetmarkets.fr\/app\/wp-json\/wp\/v2\/product_brand?post=818280"},{"taxonomy":"product_cat","embeddable":true,"href":"https:\/\/streetmarkets.fr\/app\/wp-json\/wp\/v2\/product_cat?post=818280"},{"taxonomy":"product_tag","embeddable":true,"href":"https:\/\/streetmarkets.fr\/app\/wp-json\/wp\/v2\/product_tag?post=818280"}],"curies":[{"name":"wp","href":"https:\/\/api.w.org\/{rel}","templated":true}]}}