{"id":818272,"date":"2024-11-07T01:03:58","date_gmt":"2024-11-07T00:03:58","guid":{"rendered":"https:\/\/streetmarkets.fr\/app\/produit\/pull-cardigan-en-cachemire-brosse-boutons-bijoux-h24-femme-hot-red\/"},"modified":"2025-02-25T01:05:55","modified_gmt":"2025-02-25T00:05:55","slug":"pull-cardigan-en-cachemire-brosse-boutons-bijoux-h24-femme-hot-red","status":"publish","type":"product","link":"https:\/\/streetmarkets.fr\/app\/produit\/pull-cardigan-en-cachemire-brosse-boutons-bijoux-h24-femme-hot-red\/","title":{"rendered":"Pull Cardigan en Cachemire Bross\u00e9 Boutons Bijoux (H24 \/ FEMME \/ Hot Red)"},"content":{"rendered":"<p>Optez pour l&#8217;\u00e9l\u00e9gance intemporelle avec ce pull cardigan court et oversize, confectionn\u00e9 en cachemire bross\u00e9. \u00c0 la fois chic et structur\u00e9, il d\u00e9voile un d\u00e9collet\u00e9 en V et une fermeture orn\u00e9e de boutons bijoux. Muni de manches longues, il se porte \u00e0 m\u00eame la peau ou sur un top fluide.<\/p>\n<p>&#8211; Pull cardigan court en cachemire bross\u00e9 Femme<br \/>\n<br \/>&#8211; Col V<br \/>\n<br \/>&#8211; Fermeture \u00e0 boutons bijoux<br \/>\n<br \/>&#8211; Manches longues<br \/>\n<br \/>&#8211; Bords c\u00f4tel\u00e9s<br \/>\n<br \/>&#8211; Coupe slim<br \/>&#8211; <u>Cachemire 2 fils<\/u> <\/p>\n","protected":false},"excerpt":{"rendered":"<p>Optez pour l&#8217;\u00e9l\u00e9gance intemporelle avec ce pull cardigan court et oversize, confectionn\u00e9 en cachemire bross\u00e9. \u00c0 la fois chic et structur\u00e9, il d\u00e9voile un d\u00e9collet\u00e9 en V et une fermeture orn\u00e9e de boutons bijoux. Muni de manches longues, il se porte \u00e0 m\u00eame la peau ou sur un top fluide. &#8211; Pull cardigan court en [&hellip;]<\/p>\n","protected":false},"featured_media":818273,"comment_status":"open","ping_status":"closed","template":"","meta":[],"product_brand":[6868],"product_cat":[1756,1762],"product_tag":[2244],"acf":[],"_links":{"self":[{"href":"https:\/\/streetmarkets.fr\/app\/wp-json\/wp\/v2\/product\/818272"}],"collection":[{"href":"https:\/\/streetmarkets.fr\/app\/wp-json\/wp\/v2\/product"}],"about":[{"href":"https:\/\/streetmarkets.fr\/app\/wp-json\/wp\/v2\/types\/product"}],"replies":[{"embeddable":true,"href":"https:\/\/streetmarkets.fr\/app\/wp-json\/wp\/v2\/comments?post=818272"}],"wp:featuredmedia":[{"embeddable":true,"href":"https:\/\/streetmarkets.fr\/app\/wp-json\/wp\/v2\/media\/818273"}],"wp:attachment":[{"href":"https:\/\/streetmarkets.fr\/app\/wp-json\/wp\/v2\/media?parent=818272"}],"wp:term":[{"taxonomy":"product_brand","embeddable":true,"href":"https:\/\/streetmarkets.fr\/app\/wp-json\/wp\/v2\/product_brand?post=818272"},{"taxonomy":"product_cat","embeddable":true,"href":"https:\/\/streetmarkets.fr\/app\/wp-json\/wp\/v2\/product_cat?post=818272"},{"taxonomy":"product_tag","embeddable":true,"href":"https:\/\/streetmarkets.fr\/app\/wp-json\/wp\/v2\/product_tag?post=818272"}],"curies":[{"name":"wp","href":"https:\/\/api.w.org\/{rel}","templated":true}]}}