{"id":818268,"date":"2024-11-07T01:03:58","date_gmt":"2024-11-07T00:03:58","guid":{"rendered":"https:\/\/streetmarkets.fr\/app\/produit\/bonnet-a-revers-h24-accessoires-baby-blue\/"},"modified":"2025-03-05T01:03:08","modified_gmt":"2025-03-05T00:03:08","slug":"bonnet-a-revers-h24-accessoires-baby-blue","status":"publish","type":"product","link":"https:\/\/streetmarkets.fr\/app\/produit\/bonnet-a-revers-h24-accessoires-baby-blue\/","title":{"rendered":"Bonnet \u00e0 Revers (H24 \/ ACCESSOIRES \/ Baby Blue)"},"content":{"rendered":"<p>Une maille textur\u00e9e s&#8217;invite sur ce bonnet en cachemire bross\u00e9 pour r\u00e9chauffer votre silhouette de saison. Accessoire incontournable du vestiaire, il accompagnera vos looks d\u00e9contract\u00e9s comme sophistiqu\u00e9s. <\/p>\n<p>&#8211; Bonnet en cachemire bross\u00e9<br \/>\n<br \/>&#8211; \u00c0 revers<br \/>\n<br \/>&#8211; C\u00f4tel\u00e9<br \/>\n<br \/>&#8211; Taille unique<br \/>&#8211; <u>Cachemire 4 fils<\/u> <\/p>\n","protected":false},"excerpt":{"rendered":"<p>Une maille textur\u00e9e s&#8217;invite sur ce bonnet en cachemire bross\u00e9 pour r\u00e9chauffer votre silhouette de saison. Accessoire incontournable du vestiaire, il accompagnera vos looks d\u00e9contract\u00e9s comme sophistiqu\u00e9s. &#8211; Bonnet en cachemire bross\u00e9 &#8211; \u00c0 revers &#8211; C\u00f4tel\u00e9 &#8211; Taille unique&#8211; Cachemire 4 fils<\/p>\n","protected":false},"featured_media":818269,"comment_status":"open","ping_status":"closed","template":"","meta":[],"product_brand":[6868],"product_cat":[1756,1764],"product_tag":[2244],"acf":[],"_links":{"self":[{"href":"https:\/\/streetmarkets.fr\/app\/wp-json\/wp\/v2\/product\/818268"}],"collection":[{"href":"https:\/\/streetmarkets.fr\/app\/wp-json\/wp\/v2\/product"}],"about":[{"href":"https:\/\/streetmarkets.fr\/app\/wp-json\/wp\/v2\/types\/product"}],"replies":[{"embeddable":true,"href":"https:\/\/streetmarkets.fr\/app\/wp-json\/wp\/v2\/comments?post=818268"}],"wp:featuredmedia":[{"embeddable":true,"href":"https:\/\/streetmarkets.fr\/app\/wp-json\/wp\/v2\/media\/818269"}],"wp:attachment":[{"href":"https:\/\/streetmarkets.fr\/app\/wp-json\/wp\/v2\/media?parent=818268"}],"wp:term":[{"taxonomy":"product_brand","embeddable":true,"href":"https:\/\/streetmarkets.fr\/app\/wp-json\/wp\/v2\/product_brand?post=818268"},{"taxonomy":"product_cat","embeddable":true,"href":"https:\/\/streetmarkets.fr\/app\/wp-json\/wp\/v2\/product_cat?post=818268"},{"taxonomy":"product_tag","embeddable":true,"href":"https:\/\/streetmarkets.fr\/app\/wp-json\/wp\/v2\/product_tag?post=818268"}],"curies":[{"name":"wp","href":"https:\/\/api.w.org\/{rel}","templated":true}]}}