{"id":817216,"date":"2024-11-07T00:43:34","date_gmt":"2024-11-06T23:43:34","guid":{"rendered":"https:\/\/streetmarkets.fr\/app\/produit\/trs-barrettes-a-cheveux-3-pcs-rose-pastel\/"},"modified":"2025-12-14T00:28:35","modified_gmt":"2025-12-13T23:28:35","slug":"trs-barrettes-a-cheveux-3-pcs-rose-pastel","status":"publish","type":"product","link":"https:\/\/streetmarkets.fr\/app\/produit\/trs-barrettes-a-cheveux-3-pcs-rose-pastel\/","title":{"rendered":"TRS &#8211; Barrettes \u00e0 Cheveux 3 pcs Rose Pastel"},"content":{"rendered":"<p>3 Pieces pinces \u00e0 cheveux femme<\/p>\n<p>Style Cor\u00e9en<\/p>\n<p>Barrettes \u00e0 cheveux<\/p>\n","protected":false},"excerpt":{"rendered":"<p>3 Pieces pinces \u00e0 cheveux femme Style Cor\u00e9en Barrettes \u00e0 cheveux<\/p>\n","protected":false},"featured_media":817217,"comment_status":"open","ping_status":"closed","template":"","meta":[],"product_brand":[],"product_cat":[1756,1764],"product_tag":[1810],"acf":[],"_links":{"self":[{"href":"https:\/\/streetmarkets.fr\/app\/wp-json\/wp\/v2\/product\/817216"}],"collection":[{"href":"https:\/\/streetmarkets.fr\/app\/wp-json\/wp\/v2\/product"}],"about":[{"href":"https:\/\/streetmarkets.fr\/app\/wp-json\/wp\/v2\/types\/product"}],"replies":[{"embeddable":true,"href":"https:\/\/streetmarkets.fr\/app\/wp-json\/wp\/v2\/comments?post=817216"}],"wp:featuredmedia":[{"embeddable":true,"href":"https:\/\/streetmarkets.fr\/app\/wp-json\/wp\/v2\/media\/817217"}],"wp:attachment":[{"href":"https:\/\/streetmarkets.fr\/app\/wp-json\/wp\/v2\/media?parent=817216"}],"wp:term":[{"taxonomy":"product_brand","embeddable":true,"href":"https:\/\/streetmarkets.fr\/app\/wp-json\/wp\/v2\/product_brand?post=817216"},{"taxonomy":"product_cat","embeddable":true,"href":"https:\/\/streetmarkets.fr\/app\/wp-json\/wp\/v2\/product_cat?post=817216"},{"taxonomy":"product_tag","embeddable":true,"href":"https:\/\/streetmarkets.fr\/app\/wp-json\/wp\/v2\/product_tag?post=817216"}],"curies":[{"name":"wp","href":"https:\/\/api.w.org\/{rel}","templated":true}]}}