{"id":814777,"date":"2024-11-06T01:09:53","date_gmt":"2024-11-06T00:09:53","guid":{"rendered":"https:\/\/streetmarkets.fr\/app\/produit\/bonnet-a-revers-a-torsades-h24-accessoires-iced-sand\/"},"modified":"2025-02-24T01:07:48","modified_gmt":"2025-02-24T00:07:48","slug":"bonnet-a-revers-a-torsades-h24-accessoires-iced-sand","status":"publish","type":"product","link":"https:\/\/streetmarkets.fr\/app\/produit\/bonnet-a-revers-a-torsades-h24-accessoires-iced-sand\/","title":{"rendered":"Bonnet \u00e0 Revers \u00e0 Torsades (H24 \/ ACCESSOIRES \/ Iced Sand)"},"content":{"rendered":"<p>Ce bonnet en cachemire, orn\u00e9 d&#8217;un jeu de torsades, vient r\u00e9chauffer votre silhouette avec \u00e9l\u00e9gance. Accessoire incontournable du vestiaire, il accompagnera vos looks d\u00e9contract\u00e9s comme sophistiqu\u00e9s. <\/p>\n<p>&#8211; Bonnet en cachemire certifi\u00e9 GCS\u00ae<br \/>\n<br \/>&#8211; Torsades<br \/>\n<br \/>&#8211; \u00c0 revers<br \/>\n<br \/>&#8211; C\u00f4tel\u00e9<br \/>\n<br \/>&#8211; Coupe regular<br \/>\n<br \/>&#8211; Le Good Cashmere Standard\u00ae (GCS) est une norme ind\u00e9pendante pour un cachemire plus durable et plus responsable. Il vise \u00e0 am\u00e9liorer le bien-\u00eatre des ch\u00e8vres cachemire, les conditions de travail des \u00e9leveurs ainsi qu&#8217;\u00e0 prot\u00e9ger l&#8217;environnement.<br \/>&#8211; <u>Cachemire 10 fils<\/u> <\/p>\n","protected":false},"excerpt":{"rendered":"<p>Ce bonnet en cachemire, orn\u00e9 d&#8217;un jeu de torsades, vient r\u00e9chauffer votre silhouette avec \u00e9l\u00e9gance. Accessoire incontournable du vestiaire, il accompagnera vos looks d\u00e9contract\u00e9s comme sophistiqu\u00e9s. &#8211; Bonnet en cachemire certifi\u00e9 GCS\u00ae &#8211; Torsades &#8211; \u00c0 revers &#8211; C\u00f4tel\u00e9 &#8211; Coupe regular &#8211; Le Good Cashmere Standard\u00ae (GCS) est une norme ind\u00e9pendante pour un cachemire [&hellip;]<\/p>\n","protected":false},"featured_media":814778,"comment_status":"open","ping_status":"closed","template":"","meta":[],"product_brand":[6868],"product_cat":[1756,1764],"product_tag":[2244],"acf":[],"_links":{"self":[{"href":"https:\/\/streetmarkets.fr\/app\/wp-json\/wp\/v2\/product\/814777"}],"collection":[{"href":"https:\/\/streetmarkets.fr\/app\/wp-json\/wp\/v2\/product"}],"about":[{"href":"https:\/\/streetmarkets.fr\/app\/wp-json\/wp\/v2\/types\/product"}],"replies":[{"embeddable":true,"href":"https:\/\/streetmarkets.fr\/app\/wp-json\/wp\/v2\/comments?post=814777"}],"wp:featuredmedia":[{"embeddable":true,"href":"https:\/\/streetmarkets.fr\/app\/wp-json\/wp\/v2\/media\/814778"}],"wp:attachment":[{"href":"https:\/\/streetmarkets.fr\/app\/wp-json\/wp\/v2\/media?parent=814777"}],"wp:term":[{"taxonomy":"product_brand","embeddable":true,"href":"https:\/\/streetmarkets.fr\/app\/wp-json\/wp\/v2\/product_brand?post=814777"},{"taxonomy":"product_cat","embeddable":true,"href":"https:\/\/streetmarkets.fr\/app\/wp-json\/wp\/v2\/product_cat?post=814777"},{"taxonomy":"product_tag","embeddable":true,"href":"https:\/\/streetmarkets.fr\/app\/wp-json\/wp\/v2\/product_tag?post=814777"}],"curies":[{"name":"wp","href":"https:\/\/api.w.org\/{rel}","templated":true}]}}