{"id":814760,"date":"2024-11-06T00:58:54","date_gmt":"2024-11-05T23:58:54","guid":{"rendered":"https:\/\/streetmarkets.fr\/app\/produit\/pomandere-veste-en-coton-ceinturee-perle-50\/"},"modified":"2025-09-17T02:02:07","modified_gmt":"2025-09-17T00:02:07","slug":"pomandere-veste-en-coton-ceinturee-perle-50","status":"publish","type":"product","link":"https:\/\/streetmarkets.fr\/app\/produit\/pomandere-veste-en-coton-ceinturee-perle-50\/","title":{"rendered":"POMAND\u00c8RE Veste en coton Ceintur\u00e9e Perle -50%"},"content":{"rendered":"<p class=\"\">Veste souple en coton, coupe ample, emmanchure large, manches longues deux poches plaqu\u00e9es devant, ceintur\u00e9e \u00e0 la taille. <\/p>\n<p class=\"\">D\u00e9tail : 100% coton <\/p>\n","protected":false},"excerpt":{"rendered":"<p>Veste souple en coton, coupe ample, emmanchure large, manches longues deux poches plaqu\u00e9es devant, ceintur\u00e9e \u00e0 la taille. D\u00e9tail : 100% coton<\/p>\n","protected":false},"featured_media":814761,"comment_status":"open","ping_status":"closed","template":"","meta":[],"product_brand":[],"product_cat":[1756,1762],"product_tag":[2244],"acf":[],"_links":{"self":[{"href":"https:\/\/streetmarkets.fr\/app\/wp-json\/wp\/v2\/product\/814760"}],"collection":[{"href":"https:\/\/streetmarkets.fr\/app\/wp-json\/wp\/v2\/product"}],"about":[{"href":"https:\/\/streetmarkets.fr\/app\/wp-json\/wp\/v2\/types\/product"}],"replies":[{"embeddable":true,"href":"https:\/\/streetmarkets.fr\/app\/wp-json\/wp\/v2\/comments?post=814760"}],"wp:featuredmedia":[{"embeddable":true,"href":"https:\/\/streetmarkets.fr\/app\/wp-json\/wp\/v2\/media\/814761"}],"wp:attachment":[{"href":"https:\/\/streetmarkets.fr\/app\/wp-json\/wp\/v2\/media?parent=814760"}],"wp:term":[{"taxonomy":"product_brand","embeddable":true,"href":"https:\/\/streetmarkets.fr\/app\/wp-json\/wp\/v2\/product_brand?post=814760"},{"taxonomy":"product_cat","embeddable":true,"href":"https:\/\/streetmarkets.fr\/app\/wp-json\/wp\/v2\/product_cat?post=814760"},{"taxonomy":"product_tag","embeddable":true,"href":"https:\/\/streetmarkets.fr\/app\/wp-json\/wp\/v2\/product_tag?post=814760"}],"curies":[{"name":"wp","href":"https:\/\/api.w.org\/{rel}","templated":true}]}}