{"id":814721,"date":"2024-11-06T00:58:52","date_gmt":"2024-11-05T23:58:52","guid":{"rendered":"https:\/\/streetmarkets.fr\/app\/produit\/vanessa-bruno-robe-bruna-lavande-40\/"},"modified":"2026-04-29T02:01:24","modified_gmt":"2026-04-29T00:01:24","slug":"vanessa-bruno-robe-bruna-lavande-40","status":"publish","type":"product","link":"https:\/\/streetmarkets.fr\/app\/produit\/vanessa-bruno-robe-bruna-lavande-40\/","title":{"rendered":"VANESSA BRUNO Robe Bruna Lavande -40%"},"content":{"rendered":"<p class=\"\">Robe longue \u00e0 fines bretelles et nou\u00e9e dans le dos. Fronces sur le devant. Douce et fluide.<\/p>\n<p class=\"\">D\u00e9tail : 100% viscose<\/p>\n","protected":false},"excerpt":{"rendered":"<p>Robe longue \u00e0 fines bretelles et nou\u00e9e dans le dos. Fronces sur le devant. Douce et fluide. D\u00e9tail : 100% viscose<\/p>\n","protected":false},"featured_media":814722,"comment_status":"open","ping_status":"closed","template":"","meta":[],"product_brand":[],"product_cat":[1756,1762],"product_tag":[2244],"acf":[],"_links":{"self":[{"href":"https:\/\/streetmarkets.fr\/app\/wp-json\/wp\/v2\/product\/814721"}],"collection":[{"href":"https:\/\/streetmarkets.fr\/app\/wp-json\/wp\/v2\/product"}],"about":[{"href":"https:\/\/streetmarkets.fr\/app\/wp-json\/wp\/v2\/types\/product"}],"replies":[{"embeddable":true,"href":"https:\/\/streetmarkets.fr\/app\/wp-json\/wp\/v2\/comments?post=814721"}],"wp:featuredmedia":[{"embeddable":true,"href":"https:\/\/streetmarkets.fr\/app\/wp-json\/wp\/v2\/media\/814722"}],"wp:attachment":[{"href":"https:\/\/streetmarkets.fr\/app\/wp-json\/wp\/v2\/media?parent=814721"}],"wp:term":[{"taxonomy":"product_brand","embeddable":true,"href":"https:\/\/streetmarkets.fr\/app\/wp-json\/wp\/v2\/product_brand?post=814721"},{"taxonomy":"product_cat","embeddable":true,"href":"https:\/\/streetmarkets.fr\/app\/wp-json\/wp\/v2\/product_cat?post=814721"},{"taxonomy":"product_tag","embeddable":true,"href":"https:\/\/streetmarkets.fr\/app\/wp-json\/wp\/v2\/product_tag?post=814721"}],"curies":[{"name":"wp","href":"https:\/\/api.w.org\/{rel}","templated":true}]}}