{"id":814713,"date":"2024-11-06T00:58:51","date_gmt":"2024-11-05T23:58:51","guid":{"rendered":"https:\/\/streetmarkets.fr\/app\/produit\/jupe-corail-lavande-vanessa-bruno-30\/"},"modified":"2026-05-09T02:01:32","modified_gmt":"2026-05-09T00:01:32","slug":"jupe-corail-lavande-vanessa-bruno-30","status":"publish","type":"product","link":"https:\/\/streetmarkets.fr\/app\/produit\/jupe-corail-lavande-vanessa-bruno-30\/","title":{"rendered":"Jupe Corail Lavande VANESSA BRUNO -30%"},"content":{"rendered":"<p class=\"\">Jupe taille haute, l\u00e9g\u00e8rement \u00e9vas\u00e9e, fermeture par un zip. Douce et fluide.<\/p>\n<p class=\"\">D\u00e9tail : 100% viscose<\/p>\n","protected":false},"excerpt":{"rendered":"<p>Jupe taille haute, l\u00e9g\u00e8rement \u00e9vas\u00e9e, fermeture par un zip. Douce et fluide. D\u00e9tail : 100% viscose<\/p>\n","protected":false},"featured_media":814714,"comment_status":"open","ping_status":"closed","template":"","meta":[],"product_brand":[],"product_cat":[1756,1762],"product_tag":[2244],"acf":[],"_links":{"self":[{"href":"https:\/\/streetmarkets.fr\/app\/wp-json\/wp\/v2\/product\/814713"}],"collection":[{"href":"https:\/\/streetmarkets.fr\/app\/wp-json\/wp\/v2\/product"}],"about":[{"href":"https:\/\/streetmarkets.fr\/app\/wp-json\/wp\/v2\/types\/product"}],"replies":[{"embeddable":true,"href":"https:\/\/streetmarkets.fr\/app\/wp-json\/wp\/v2\/comments?post=814713"}],"wp:featuredmedia":[{"embeddable":true,"href":"https:\/\/streetmarkets.fr\/app\/wp-json\/wp\/v2\/media\/814714"}],"wp:attachment":[{"href":"https:\/\/streetmarkets.fr\/app\/wp-json\/wp\/v2\/media?parent=814713"}],"wp:term":[{"taxonomy":"product_brand","embeddable":true,"href":"https:\/\/streetmarkets.fr\/app\/wp-json\/wp\/v2\/product_brand?post=814713"},{"taxonomy":"product_cat","embeddable":true,"href":"https:\/\/streetmarkets.fr\/app\/wp-json\/wp\/v2\/product_cat?post=814713"},{"taxonomy":"product_tag","embeddable":true,"href":"https:\/\/streetmarkets.fr\/app\/wp-json\/wp\/v2\/product_tag?post=814713"}],"curies":[{"name":"wp","href":"https:\/\/api.w.org\/{rel}","templated":true}]}}