{"id":814250,"date":"2024-11-05T01:04:18","date_gmt":"2024-11-05T00:04:18","guid":{"rendered":"https:\/\/streetmarkets.fr\/app\/produit\/outerwear-doudoune-longue-h24-femme-noir\/"},"modified":"2025-02-25T01:05:55","modified_gmt":"2025-02-25T00:05:55","slug":"outerwear-doudoune-longue-h24-femme-noir","status":"publish","type":"product","link":"https:\/\/streetmarkets.fr\/app\/produit\/outerwear-doudoune-longue-h24-femme-noir\/","title":{"rendered":"Outerwear Doudoune Longue (H24 \/ FEMME \/ Noir)"},"content":{"rendered":"<p>R\u00e9chauffez votre allure de saison avec cette doudoune longue et matelass\u00e9e, alliant style et confort. Dot\u00e9e d&#8217;un col montant, d&#8217;une capuche ajustable, d&#8217;une fermeture zipp\u00e9e et de deux poches, elle dessine une silhouette \u00e9lanc\u00e9e pour un look r\u00e9solument affirm\u00e9.<\/p>\n<p>&#8211; Doudoune longue matelass\u00e9e Femme<br \/>\n<br \/>&#8211; Col montant<br \/>\n<br \/>&#8211; Capuche \u00e0 patte de boutonnage<br \/>\n<br \/>&#8211; Fermeture zipp\u00e9e<br \/>\n<br \/>&#8211; 2 poches<br \/>\n<br \/>&#8211; Manches longues<br \/>\n<br \/>&#8211; Poignets resserr\u00e9s<br \/>\n<br \/>&#8211; Coupe regular<\/p>\n","protected":false},"excerpt":{"rendered":"<p>R\u00e9chauffez votre allure de saison avec cette doudoune longue et matelass\u00e9e, alliant style et confort. Dot\u00e9e d&#8217;un col montant, d&#8217;une capuche ajustable, d&#8217;une fermeture zipp\u00e9e et de deux poches, elle dessine une silhouette \u00e9lanc\u00e9e pour un look r\u00e9solument affirm\u00e9. &#8211; Doudoune longue matelass\u00e9e Femme &#8211; Col montant &#8211; Capuche \u00e0 patte de boutonnage &#8211; Fermeture [&hellip;]<\/p>\n","protected":false},"featured_media":814251,"comment_status":"open","ping_status":"closed","template":"","meta":[],"product_brand":[6868],"product_cat":[1756,1762],"product_tag":[2244],"acf":[],"_links":{"self":[{"href":"https:\/\/streetmarkets.fr\/app\/wp-json\/wp\/v2\/product\/814250"}],"collection":[{"href":"https:\/\/streetmarkets.fr\/app\/wp-json\/wp\/v2\/product"}],"about":[{"href":"https:\/\/streetmarkets.fr\/app\/wp-json\/wp\/v2\/types\/product"}],"replies":[{"embeddable":true,"href":"https:\/\/streetmarkets.fr\/app\/wp-json\/wp\/v2\/comments?post=814250"}],"wp:featuredmedia":[{"embeddable":true,"href":"https:\/\/streetmarkets.fr\/app\/wp-json\/wp\/v2\/media\/814251"}],"wp:attachment":[{"href":"https:\/\/streetmarkets.fr\/app\/wp-json\/wp\/v2\/media?parent=814250"}],"wp:term":[{"taxonomy":"product_brand","embeddable":true,"href":"https:\/\/streetmarkets.fr\/app\/wp-json\/wp\/v2\/product_brand?post=814250"},{"taxonomy":"product_cat","embeddable":true,"href":"https:\/\/streetmarkets.fr\/app\/wp-json\/wp\/v2\/product_cat?post=814250"},{"taxonomy":"product_tag","embeddable":true,"href":"https:\/\/streetmarkets.fr\/app\/wp-json\/wp\/v2\/product_tag?post=814250"}],"curies":[{"name":"wp","href":"https:\/\/api.w.org\/{rel}","templated":true}]}}