{"id":814189,"date":"2024-11-05T01:04:15","date_gmt":"2024-11-05T00:04:15","guid":{"rendered":"https:\/\/streetmarkets.fr\/app\/produit\/robe-longue-manche-longue-jersey-h24-femme-hot-leopard\/"},"modified":"2025-03-15T01:04:31","modified_gmt":"2025-03-15T00:04:31","slug":"robe-longue-manche-longue-jersey-h24-femme-hot-leopard","status":"publish","type":"product","link":"https:\/\/streetmarkets.fr\/app\/produit\/robe-longue-manche-longue-jersey-h24-femme-hot-leopard\/","title":{"rendered":"Robe Longue Manche Longue Jersey (H24 \/ FEMME \/ Hot Leopard)"},"content":{"rendered":"<p>La silhouette est \u00e9lanc\u00e9e et les volumes sont revisit\u00e9s avec cette robe orn\u00e9e d&#8217;un imprim\u00e9 l\u00e9opard. Dot\u00e9e d&#8217;un col rond et des manches longues, elle s\u00e9duit par une jupe \u00e9vas\u00e9e d\u00e9licatement fendue. \u00c0 porter comme une seconde peau, agr\u00e9mentez-l\u00e0 d&#8217;une paire d&#8217;escarpins pour une tenue sophistiqu\u00e9e ou de sneakers pour un look casual.<\/p>\n<p>&#8211; Robe longue Femme<br \/>\n<br \/>&#8211; Imprim\u00e9 l\u00e9opard<br \/>\n<br \/>&#8211; Col rond<br \/>\n<br \/>&#8211; Manches longues<br \/>\n<br \/>&#8211; Jupe fendue<br \/>\n<br \/>&#8211; Bas \u00e9vas\u00e9<br \/>\n<br \/>&#8211; Coupe slim<\/p>\n","protected":false},"excerpt":{"rendered":"<p>La silhouette est \u00e9lanc\u00e9e et les volumes sont revisit\u00e9s avec cette robe orn\u00e9e d&#8217;un imprim\u00e9 l\u00e9opard. Dot\u00e9e d&#8217;un col rond et des manches longues, elle s\u00e9duit par une jupe \u00e9vas\u00e9e d\u00e9licatement fendue. \u00c0 porter comme une seconde peau, agr\u00e9mentez-l\u00e0 d&#8217;une paire d&#8217;escarpins pour une tenue sophistiqu\u00e9e ou de sneakers pour un look casual. &#8211; Robe [&hellip;]<\/p>\n","protected":false},"featured_media":814190,"comment_status":"open","ping_status":"closed","template":"","meta":[],"product_brand":[6868],"product_cat":[1756,1762],"product_tag":[2244],"acf":[],"_links":{"self":[{"href":"https:\/\/streetmarkets.fr\/app\/wp-json\/wp\/v2\/product\/814189"}],"collection":[{"href":"https:\/\/streetmarkets.fr\/app\/wp-json\/wp\/v2\/product"}],"about":[{"href":"https:\/\/streetmarkets.fr\/app\/wp-json\/wp\/v2\/types\/product"}],"replies":[{"embeddable":true,"href":"https:\/\/streetmarkets.fr\/app\/wp-json\/wp\/v2\/comments?post=814189"}],"wp:featuredmedia":[{"embeddable":true,"href":"https:\/\/streetmarkets.fr\/app\/wp-json\/wp\/v2\/media\/814190"}],"wp:attachment":[{"href":"https:\/\/streetmarkets.fr\/app\/wp-json\/wp\/v2\/media?parent=814189"}],"wp:term":[{"taxonomy":"product_brand","embeddable":true,"href":"https:\/\/streetmarkets.fr\/app\/wp-json\/wp\/v2\/product_brand?post=814189"},{"taxonomy":"product_cat","embeddable":true,"href":"https:\/\/streetmarkets.fr\/app\/wp-json\/wp\/v2\/product_cat?post=814189"},{"taxonomy":"product_tag","embeddable":true,"href":"https:\/\/streetmarkets.fr\/app\/wp-json\/wp\/v2\/product_tag?post=814189"}],"curies":[{"name":"wp","href":"https:\/\/api.w.org\/{rel}","templated":true}]}}