{"id":814161,"date":"2024-11-05T01:04:13","date_gmt":"2024-11-05T00:04:13","guid":{"rendered":"https:\/\/streetmarkets.fr\/app\/produit\/pull-col-rond-seconde-peau-h24-femme-beige-chine\/"},"modified":"2025-05-07T01:55:44","modified_gmt":"2025-05-06T23:55:44","slug":"pull-col-rond-seconde-peau-h24-femme-beige-chine","status":"publish","type":"product","link":"https:\/\/streetmarkets.fr\/app\/produit\/pull-col-rond-seconde-peau-h24-femme-beige-chine\/","title":{"rendered":"Pull Col Rond Seconde Peau (H24 \/ FEMME \/ Beige Chin\u00e9)"},"content":{"rendered":"<p>Avec une coupe ajust\u00e9e, ce pull 100% cachemire se porte comme une seconde peau. Muni d&#8217;un col rond, de manches longues et de bords c\u00f4tel\u00e9s, il d\u00e9voile une broderie signature &#8220;From Future Club Est 2018&#8221;. \u00c0 porter sans mod\u00e9ration, glissez-le sur un pantalon fluide ou une jupe structur\u00e9e.<\/p>\n<p>&#8211; Pull en cachemire certifi\u00e9 GCS\u00ae Femme<br \/>\n<br \/>&#8211; Broderie &#8220;From Future Club Est 2018&#8221;<br \/>\n<br \/>&#8211; Col rond<br \/>\n<br \/>&#8211; Manches longues<br \/>\n<br \/>&#8211; Bords c\u00f4tel\u00e9s<br \/>\n<br \/>&#8211; Coupe slim<br \/>\n<br \/>&#8211; Le Good Cashmere Standard\u00ae (GCS) est une norme ind\u00e9pendante pour un cachemire plus durable et plus responsable. Il vise \u00e0 am\u00e9liorer le bien-\u00eatre des ch\u00e8vres cachemire, les conditions de travail des \u00e9leveurs ainsi qu&#8217;\u00e0 prot\u00e9ger l&#8217;environnement.<\/p>\n","protected":false},"excerpt":{"rendered":"<p>Avec une coupe ajust\u00e9e, ce pull 100% cachemire se porte comme une seconde peau. Muni d&#8217;un col rond, de manches longues et de bords c\u00f4tel\u00e9s, il d\u00e9voile une broderie signature &#8220;From Future Club Est 2018&#8221;. \u00c0 porter sans mod\u00e9ration, glissez-le sur un pantalon fluide ou une jupe structur\u00e9e. &#8211; Pull en cachemire certifi\u00e9 GCS\u00ae Femme [&hellip;]<\/p>\n","protected":false},"featured_media":814162,"comment_status":"open","ping_status":"closed","template":"","meta":[],"product_brand":[6868],"product_cat":[1756,1762],"product_tag":[2244],"acf":[],"_links":{"self":[{"href":"https:\/\/streetmarkets.fr\/app\/wp-json\/wp\/v2\/product\/814161"}],"collection":[{"href":"https:\/\/streetmarkets.fr\/app\/wp-json\/wp\/v2\/product"}],"about":[{"href":"https:\/\/streetmarkets.fr\/app\/wp-json\/wp\/v2\/types\/product"}],"replies":[{"embeddable":true,"href":"https:\/\/streetmarkets.fr\/app\/wp-json\/wp\/v2\/comments?post=814161"}],"wp:featuredmedia":[{"embeddable":true,"href":"https:\/\/streetmarkets.fr\/app\/wp-json\/wp\/v2\/media\/814162"}],"wp:attachment":[{"href":"https:\/\/streetmarkets.fr\/app\/wp-json\/wp\/v2\/media?parent=814161"}],"wp:term":[{"taxonomy":"product_brand","embeddable":true,"href":"https:\/\/streetmarkets.fr\/app\/wp-json\/wp\/v2\/product_brand?post=814161"},{"taxonomy":"product_cat","embeddable":true,"href":"https:\/\/streetmarkets.fr\/app\/wp-json\/wp\/v2\/product_cat?post=814161"},{"taxonomy":"product_tag","embeddable":true,"href":"https:\/\/streetmarkets.fr\/app\/wp-json\/wp\/v2\/product_tag?post=814161"}],"curies":[{"name":"wp","href":"https:\/\/api.w.org\/{rel}","templated":true}]}}