{"id":814149,"date":"2024-11-05T01:04:12","date_gmt":"2024-11-05T00:04:12","guid":{"rendered":"https:\/\/streetmarkets.fr\/app\/produit\/gants-regular-h24-accessoires-gris-chine-clair\/"},"modified":"2025-03-03T01:07:15","modified_gmt":"2025-03-03T00:07:15","slug":"gants-regular-h24-accessoires-gris-chine-clair","status":"publish","type":"product","link":"https:\/\/streetmarkets.fr\/app\/produit\/gants-regular-h24-accessoires-gris-chine-clair\/","title":{"rendered":"Gants Regular (H24 \/ ACCESSOIRES \/ Gris Chin\u00e9 Clair)"},"content":{"rendered":"<p>Rejoignez le Club avec ces gants en cachemire. Orn\u00e9s de bords c\u00f4tel\u00e9s et d&#8217;une \u00e9tiquette brod\u00e9e &#8220;From Future Est. 2018&#8221;, elle r\u00e9chauffe vos mains avec style.<\/p>\n<p>&#8211; Gants en cachemire certifi\u00e9 GCS\u00ae<br \/>\n<br \/>&#8211; \u00c9tiquette brod\u00e9e &#8220;From Future Est. 2018&#8221;<br \/>\n<br \/>&#8211; Bords c\u00f4tel\u00e9s<br \/>\n<br \/>&#8211; Coupe regular<br \/>\n<br \/>&#8211; Le Good Cashmere Standard\u00ae (GCS) est une norme ind\u00e9pendante pour un cachemire plus durable et plus responsable. Il vise \u00e0 am\u00e9liorer le bien-\u00eatre des ch\u00e8vres cachemire, les conditions de travail des \u00e9leveurs ainsi qu&#8217;\u00e0 prot\u00e9ger l&#8217;environnement.<br \/>&#8211; <u>Cachemire 4 fils<\/u> <\/p>\n","protected":false},"excerpt":{"rendered":"<p>Rejoignez le Club avec ces gants en cachemire. Orn\u00e9s de bords c\u00f4tel\u00e9s et d&#8217;une \u00e9tiquette brod\u00e9e &#8220;From Future Est. 2018&#8221;, elle r\u00e9chauffe vos mains avec style. &#8211; Gants en cachemire certifi\u00e9 GCS\u00ae &#8211; \u00c9tiquette brod\u00e9e &#8220;From Future Est. 2018&#8221; &#8211; Bords c\u00f4tel\u00e9s &#8211; Coupe regular &#8211; Le Good Cashmere Standard\u00ae (GCS) est une norme ind\u00e9pendante [&hellip;]<\/p>\n","protected":false},"featured_media":814150,"comment_status":"open","ping_status":"closed","template":"","meta":[],"product_brand":[6868],"product_cat":[1756,1760],"product_tag":[2244],"acf":[],"_links":{"self":[{"href":"https:\/\/streetmarkets.fr\/app\/wp-json\/wp\/v2\/product\/814149"}],"collection":[{"href":"https:\/\/streetmarkets.fr\/app\/wp-json\/wp\/v2\/product"}],"about":[{"href":"https:\/\/streetmarkets.fr\/app\/wp-json\/wp\/v2\/types\/product"}],"replies":[{"embeddable":true,"href":"https:\/\/streetmarkets.fr\/app\/wp-json\/wp\/v2\/comments?post=814149"}],"wp:featuredmedia":[{"embeddable":true,"href":"https:\/\/streetmarkets.fr\/app\/wp-json\/wp\/v2\/media\/814150"}],"wp:attachment":[{"href":"https:\/\/streetmarkets.fr\/app\/wp-json\/wp\/v2\/media?parent=814149"}],"wp:term":[{"taxonomy":"product_brand","embeddable":true,"href":"https:\/\/streetmarkets.fr\/app\/wp-json\/wp\/v2\/product_brand?post=814149"},{"taxonomy":"product_cat","embeddable":true,"href":"https:\/\/streetmarkets.fr\/app\/wp-json\/wp\/v2\/product_cat?post=814149"},{"taxonomy":"product_tag","embeddable":true,"href":"https:\/\/streetmarkets.fr\/app\/wp-json\/wp\/v2\/product_tag?post=814149"}],"curies":[{"name":"wp","href":"https:\/\/api.w.org\/{rel}","templated":true}]}}