{"id":814130,"date":"2024-11-05T01:04:12","date_gmt":"2024-11-05T00:04:12","guid":{"rendered":"https:\/\/streetmarkets.fr\/app\/produit\/top-bretelle-seconde-peau-h24-femme-gris-chine-fonce\/"},"modified":"2025-02-01T01:10:17","modified_gmt":"2025-02-01T00:10:17","slug":"top-bretelle-seconde-peau-h24-femme-gris-chine-fonce","status":"publish","type":"product","link":"https:\/\/streetmarkets.fr\/app\/produit\/top-bretelle-seconde-peau-h24-femme-gris-chine-fonce\/","title":{"rendered":"Top Bretelle Seconde Peau (H24 \/ FEMME \/ Gris Chin\u00e9 Fonc\u00e9)"},"content":{"rendered":"<p>Ce top en cachemire s\u00e9duit par sa mati\u00e8re douce et son effet seconde peau. \u00c9l\u00e9gant et intemporel, ses fines bretelles et son d\u00e9collet\u00e9 arrondi en font une pi\u00e8ce indispensable pour toutes vos occasions, \u00e0 porter seule ou en superposition.<\/p>\n<p>&#8211; Top en cachemire certifi\u00e9 GCS\u00ae Femme<br \/>\n<br \/>&#8211; Bretelles fines<br \/>\n<br \/>&#8211; D\u00e9collet\u00e9 arrondi<br \/>\n<br \/>&#8211; Coupe slim<br \/>\n<br \/>&#8211; Le Good Cashmere Standard\u00ae (GCS) est une norme ind\u00e9pendante pour un cachemire plus durable et plus responsable. Il vise \u00e0 am\u00e9liorer le bien-\u00eatre des ch\u00e8vres cachemire, les conditions de travail des \u00e9leveurs ainsi qu&#8217;\u00e0 prot\u00e9ger l&#8217;environnement.<\/p>\n","protected":false},"excerpt":{"rendered":"<p>Ce top en cachemire s\u00e9duit par sa mati\u00e8re douce et son effet seconde peau. \u00c9l\u00e9gant et intemporel, ses fines bretelles et son d\u00e9collet\u00e9 arrondi en font une pi\u00e8ce indispensable pour toutes vos occasions, \u00e0 porter seule ou en superposition. &#8211; Top en cachemire certifi\u00e9 GCS\u00ae Femme &#8211; Bretelles fines &#8211; D\u00e9collet\u00e9 arrondi &#8211; Coupe slim [&hellip;]<\/p>\n","protected":false},"featured_media":814131,"comment_status":"open","ping_status":"closed","template":"","meta":[],"product_brand":[6868],"product_cat":[1756,1762],"product_tag":[2244],"acf":[],"_links":{"self":[{"href":"https:\/\/streetmarkets.fr\/app\/wp-json\/wp\/v2\/product\/814130"}],"collection":[{"href":"https:\/\/streetmarkets.fr\/app\/wp-json\/wp\/v2\/product"}],"about":[{"href":"https:\/\/streetmarkets.fr\/app\/wp-json\/wp\/v2\/types\/product"}],"replies":[{"embeddable":true,"href":"https:\/\/streetmarkets.fr\/app\/wp-json\/wp\/v2\/comments?post=814130"}],"wp:featuredmedia":[{"embeddable":true,"href":"https:\/\/streetmarkets.fr\/app\/wp-json\/wp\/v2\/media\/814131"}],"wp:attachment":[{"href":"https:\/\/streetmarkets.fr\/app\/wp-json\/wp\/v2\/media?parent=814130"}],"wp:term":[{"taxonomy":"product_brand","embeddable":true,"href":"https:\/\/streetmarkets.fr\/app\/wp-json\/wp\/v2\/product_brand?post=814130"},{"taxonomy":"product_cat","embeddable":true,"href":"https:\/\/streetmarkets.fr\/app\/wp-json\/wp\/v2\/product_cat?post=814130"},{"taxonomy":"product_tag","embeddable":true,"href":"https:\/\/streetmarkets.fr\/app\/wp-json\/wp\/v2\/product_tag?post=814130"}],"curies":[{"name":"wp","href":"https:\/\/api.w.org\/{rel}","templated":true}]}}