{"id":805152,"date":"2024-11-03T06:36:17","date_gmt":"2024-11-03T05:36:17","guid":{"rendered":"https:\/\/streetmarkets.fr\/app\/produit\/classic-mini-2-4\/"},"modified":"2026-04-12T07:42:10","modified_gmt":"2026-04-12T05:42:10","slug":"classic-mini-2-4","status":"publish","type":"product","link":"https:\/\/streetmarkets.fr\/app\/produit\/classic-mini-2-4\/","title":{"rendered":"CLASSIC MINI 2"},"content":{"rendered":"<p>\u00c0 l\u0092origine, nos bottes Classic \u00e9taient port\u00e9es par les surfeurs pour rester au chaud apr\u00e8s leurs sessions matinales. Depuis, leurs peaux de mouton douce et leurs designs durable les ont rendues l\u00e9gendaires. La Classic II offre deux nouveaut\u00e9s : elle r\u00e9siste d\u00e9sormais aux taches et \u00e0 l\u0092eau, et elle est \u00e9quip\u00e9e d\u0092une semelle l\u00e9g\u00e8re qui assure amorti, durabilit\u00e9 et adh\u00e9rence. Ces bottes polyvalentes se marient avec presque tout ! Essayez-les avec un jean boyfriend ample et un top en velours.<\/p>\n","protected":false},"excerpt":{"rendered":"<p>\u00c0 l\u0092origine, nos bottes Classic \u00e9taient port\u00e9es par les surfeurs pour rester au chaud apr\u00e8s leurs sessions matinales. Depuis, leurs peaux de mouton douce et leurs designs durable les ont rendues l\u00e9gendaires. La Classic II offre deux nouveaut\u00e9s : elle r\u00e9siste d\u00e9sormais aux taches et \u00e0 l\u0092eau, et elle est \u00e9quip\u00e9e d\u0092une semelle l\u00e9g\u00e8re qui [&hellip;]<\/p>\n","protected":false},"featured_media":805153,"comment_status":"open","ping_status":"closed","template":"","meta":[],"product_brand":[],"product_cat":[1756,1763],"product_tag":[2244],"acf":[],"_links":{"self":[{"href":"https:\/\/streetmarkets.fr\/app\/wp-json\/wp\/v2\/product\/805152"}],"collection":[{"href":"https:\/\/streetmarkets.fr\/app\/wp-json\/wp\/v2\/product"}],"about":[{"href":"https:\/\/streetmarkets.fr\/app\/wp-json\/wp\/v2\/types\/product"}],"replies":[{"embeddable":true,"href":"https:\/\/streetmarkets.fr\/app\/wp-json\/wp\/v2\/comments?post=805152"}],"wp:featuredmedia":[{"embeddable":true,"href":"https:\/\/streetmarkets.fr\/app\/wp-json\/wp\/v2\/media\/805153"}],"wp:attachment":[{"href":"https:\/\/streetmarkets.fr\/app\/wp-json\/wp\/v2\/media?parent=805152"}],"wp:term":[{"taxonomy":"product_brand","embeddable":true,"href":"https:\/\/streetmarkets.fr\/app\/wp-json\/wp\/v2\/product_brand?post=805152"},{"taxonomy":"product_cat","embeddable":true,"href":"https:\/\/streetmarkets.fr\/app\/wp-json\/wp\/v2\/product_cat?post=805152"},{"taxonomy":"product_tag","embeddable":true,"href":"https:\/\/streetmarkets.fr\/app\/wp-json\/wp\/v2\/product_tag?post=805152"}],"curies":[{"name":"wp","href":"https:\/\/api.w.org\/{rel}","templated":true}]}}