{"id":804331,"date":"2024-11-02T03:08:33","date_gmt":"2024-11-02T02:08:33","guid":{"rendered":"https:\/\/streetmarkets.fr\/app\/produit\/terry-towel-7\/"},"modified":"2026-04-29T03:50:14","modified_gmt":"2026-04-29T01:50:14","slug":"terry-towel-7","status":"publish","type":"product","link":"https:\/\/streetmarkets.fr\/app\/produit\/terry-towel-7\/","title":{"rendered":"Terry Towel"},"content":{"rendered":"<ul>\n<li>Boucle de suspension robuste<\/li>\n<li>Ourlets doublement cousus<\/li>\n<li>\u00c9tiquettes en toile co-brand\u00e9es<\/li>\n<li>Angles ferm\u00e9s<\/li>\n<\/ul>\n<div class=\"cell-input disabled-input\" role=\"combobox\" dir=\"ltr\" data-mce-tabindex=\"0\">100% coton biologique<\/div>\n<div class=\"cell-input disabled-input\" role=\"combobox\" dir=\"ltr\" data-mce-tabindex=\"0\">Fabriqu\u00e9 au Portugal<\/div>\n<div class=\"cell-input disabled-input\" role=\"combobox\" dir=\"ltr\" data-mce-tabindex=\"0\"><\/div>\n<div class=\"cell-input disabled-input\" role=\"combobox\" dir=\"ltr\" data-mce-tabindex=\"0\">Dimensions en\u00a0centim\u00e8tres<\/div>\n<div class=\"cell-input disabled-input\" role=\"combobox\" dir=\"ltr\" data-mce-tabindex=\"0\">TT-FG<\/div>\n","protected":false},"excerpt":{"rendered":"<p>Boucle de suspension robuste Ourlets doublement cousus \u00c9tiquettes en toile co-brand\u00e9es Angles ferm\u00e9s 100% coton biologique Fabriqu\u00e9 au Portugal Dimensions en\u00a0centim\u00e8tres TT-FG<\/p>\n","protected":false},"featured_media":804332,"comment_status":"open","ping_status":"closed","template":"","meta":[],"product_brand":[],"product_cat":[1756,1760],"product_tag":[2244],"acf":[],"_links":{"self":[{"href":"https:\/\/streetmarkets.fr\/app\/wp-json\/wp\/v2\/product\/804331"}],"collection":[{"href":"https:\/\/streetmarkets.fr\/app\/wp-json\/wp\/v2\/product"}],"about":[{"href":"https:\/\/streetmarkets.fr\/app\/wp-json\/wp\/v2\/types\/product"}],"replies":[{"embeddable":true,"href":"https:\/\/streetmarkets.fr\/app\/wp-json\/wp\/v2\/comments?post=804331"}],"wp:featuredmedia":[{"embeddable":true,"href":"https:\/\/streetmarkets.fr\/app\/wp-json\/wp\/v2\/media\/804332"}],"wp:attachment":[{"href":"https:\/\/streetmarkets.fr\/app\/wp-json\/wp\/v2\/media?parent=804331"}],"wp:term":[{"taxonomy":"product_brand","embeddable":true,"href":"https:\/\/streetmarkets.fr\/app\/wp-json\/wp\/v2\/product_brand?post=804331"},{"taxonomy":"product_cat","embeddable":true,"href":"https:\/\/streetmarkets.fr\/app\/wp-json\/wp\/v2\/product_cat?post=804331"},{"taxonomy":"product_tag","embeddable":true,"href":"https:\/\/streetmarkets.fr\/app\/wp-json\/wp\/v2\/product_tag?post=804331"}],"curies":[{"name":"wp","href":"https:\/\/api.w.org\/{rel}","templated":true}]}}