{"id":803637,"date":"2024-11-02T00:48:35","date_gmt":"2024-11-01T23:48:35","guid":{"rendered":"https:\/\/streetmarkets.fr\/app\/produit\/chaussettes-rayures-gris-navy-et-rose-en-bambou-coton-bio-homme\/"},"modified":"2026-05-06T01:43:50","modified_gmt":"2026-05-05T23:43:50","slug":"chaussettes-rayures-gris-navy-et-rose-en-bambou-coton-bio-homme","status":"publish","type":"product","link":"https:\/\/streetmarkets.fr\/app\/produit\/chaussettes-rayures-gris-navy-et-rose-en-bambou-coton-bio-homme\/","title":{"rendered":"Chaussettes rayures gris navy et rose en bambou coton bio homme"},"content":{"rendered":"<ul data-mce-fragment=\"1\">\n<li data-mce-fragment=\"1\">chaussettes rayures\u00a0<strong>bleu<\/strong><b> marine<\/b> rose saumon et gris pour homme<\/li>\n<li data-mce-fragment=\"1\">\n<span data-mce-fragment=\"1\">52,8% <\/span><strong data-mce-fragment=\"1\">bambou<\/strong>,<span data-mce-fragment=\"1\"> 23,3% <\/span><strong data-mce-fragment=\"1\">coton bio<\/strong>,<strong data-mce-fragment=\"1\">\u00a0<\/strong><span data-mce-fragment=\"1\">21,4% <\/span><strong data-mce-fragment=\"1\">polyester recycl\u00e9<\/strong>, 0,1% polyamide et 2,4% \u00e9lasthanne<\/li>\n<li data-mce-fragment=\"1\">tr\u00e8s confortables<\/li>\n<li data-mce-fragment=\"1\">\n<strong data-mce-fragment=\"1\">anti-bact\u00e9rien<\/strong><span data-mce-fragment=\"1\">\u00a0<\/span>et anti-fongique<\/li>\n<li data-mce-fragment=\"1\">taille<span data-mce-fragment=\"1\">\u00a0<\/span><strong data-mce-fragment=\"1\">unique<\/strong>, 40\/44<\/li>\n<li data-mce-fragment=\"1\">marque<span data-mce-fragment=\"1\">\u00a0<\/span><strong data-mce-fragment=\"1\">Thought<\/strong>\n<\/li>\n<li data-mce-fragment=\"1\">\n<strong data-mce-fragment=\"1\">best-seller<\/strong><span data-mce-fragment=\"1\">\u00a0<\/span>de la marque : id\u00e9e cadeau<\/li>\n<\/ul>\n","protected":false},"excerpt":{"rendered":"<p>chaussettes rayures\u00a0bleu marine rose saumon et gris pour homme 52,8% bambou, 23,3% coton bio,\u00a021,4% polyester recycl\u00e9, 0,1% polyamide et 2,4% \u00e9lasthanne tr\u00e8s confortables anti-bact\u00e9rien\u00a0et anti-fongique taille\u00a0unique, 40\/44 marque\u00a0Thought best-seller\u00a0de la marque : id\u00e9e cadeau<\/p>\n","protected":false},"featured_media":803638,"comment_status":"open","ping_status":"closed","template":"","meta":[],"product_brand":[],"product_cat":[1756,1760],"product_tag":[1810],"acf":[],"_links":{"self":[{"href":"https:\/\/streetmarkets.fr\/app\/wp-json\/wp\/v2\/product\/803637"}],"collection":[{"href":"https:\/\/streetmarkets.fr\/app\/wp-json\/wp\/v2\/product"}],"about":[{"href":"https:\/\/streetmarkets.fr\/app\/wp-json\/wp\/v2\/types\/product"}],"replies":[{"embeddable":true,"href":"https:\/\/streetmarkets.fr\/app\/wp-json\/wp\/v2\/comments?post=803637"}],"wp:featuredmedia":[{"embeddable":true,"href":"https:\/\/streetmarkets.fr\/app\/wp-json\/wp\/v2\/media\/803638"}],"wp:attachment":[{"href":"https:\/\/streetmarkets.fr\/app\/wp-json\/wp\/v2\/media?parent=803637"}],"wp:term":[{"taxonomy":"product_brand","embeddable":true,"href":"https:\/\/streetmarkets.fr\/app\/wp-json\/wp\/v2\/product_brand?post=803637"},{"taxonomy":"product_cat","embeddable":true,"href":"https:\/\/streetmarkets.fr\/app\/wp-json\/wp\/v2\/product_cat?post=803637"},{"taxonomy":"product_tag","embeddable":true,"href":"https:\/\/streetmarkets.fr\/app\/wp-json\/wp\/v2\/product_tag?post=803637"}],"curies":[{"name":"wp","href":"https:\/\/api.w.org\/{rel}","templated":true}]}}