{"id":803399,"date":"2024-11-02T00:16:10","date_gmt":"2024-11-01T23:16:10","guid":{"rendered":"https:\/\/streetmarkets.fr\/app\/produit\/pins-pink-palm-tree\/"},"modified":"2026-04-11T01:13:23","modified_gmt":"2026-04-10T23:13:23","slug":"pins-pink-palm-tree","status":"publish","type":"product","link":"https:\/\/streetmarkets.fr\/app\/produit\/pins-pink-palm-tree\/","title":{"rendered":"Pin&#8217;s Pink Palm Tree"},"content":{"rendered":"<h4><a href=\"\/collections\/all-the-ways-to-say\" title=\"Collection All The Ways To Say\"><strong>Collection\u00a0All The Ways To Say<\/strong><\/a><\/h4>\n<p><span><\/span>Pin&#8217;s en laiton dor\u00e9 et \u00e9maill\u00e9<\/p>\n","protected":false},"excerpt":{"rendered":"<p>Collection\u00a0All The Ways To Say Pin&#8217;s en laiton dor\u00e9 et \u00e9maill\u00e9<\/p>\n","protected":false},"featured_media":803400,"comment_status":"open","ping_status":"closed","template":"","meta":[],"product_brand":[],"product_cat":[1756,1764],"product_tag":[1813],"acf":[],"_links":{"self":[{"href":"https:\/\/streetmarkets.fr\/app\/wp-json\/wp\/v2\/product\/803399"}],"collection":[{"href":"https:\/\/streetmarkets.fr\/app\/wp-json\/wp\/v2\/product"}],"about":[{"href":"https:\/\/streetmarkets.fr\/app\/wp-json\/wp\/v2\/types\/product"}],"replies":[{"embeddable":true,"href":"https:\/\/streetmarkets.fr\/app\/wp-json\/wp\/v2\/comments?post=803399"}],"wp:featuredmedia":[{"embeddable":true,"href":"https:\/\/streetmarkets.fr\/app\/wp-json\/wp\/v2\/media\/803400"}],"wp:attachment":[{"href":"https:\/\/streetmarkets.fr\/app\/wp-json\/wp\/v2\/media?parent=803399"}],"wp:term":[{"taxonomy":"product_brand","embeddable":true,"href":"https:\/\/streetmarkets.fr\/app\/wp-json\/wp\/v2\/product_brand?post=803399"},{"taxonomy":"product_cat","embeddable":true,"href":"https:\/\/streetmarkets.fr\/app\/wp-json\/wp\/v2\/product_cat?post=803399"},{"taxonomy":"product_tag","embeddable":true,"href":"https:\/\/streetmarkets.fr\/app\/wp-json\/wp\/v2\/product_tag?post=803399"}],"curies":[{"name":"wp","href":"https:\/\/api.w.org\/{rel}","templated":true}]}}