{"id":803198,"date":"2024-11-01T07:42:26","date_gmt":"2024-11-01T06:42:26","guid":{"rendered":"https:\/\/streetmarkets.fr\/app\/produit\/bracelet-adele-louise-hendricks\/"},"modified":"2026-05-05T08:37:41","modified_gmt":"2026-05-05T06:37:41","slug":"bracelet-adele-louise-hendricks","status":"publish","type":"product","link":"https:\/\/streetmarkets.fr\/app\/produit\/bracelet-adele-louise-hendricks\/","title":{"rendered":"Bracelet Ad\u00e8le &#8211; Louise Hendricks"},"content":{"rendered":"<p><span>Ce bracelet se compose d&#8217;une m\u00e9daille de forme irr\u00e9guli\u00e8re sertie de zircons blancs.\u00a0<\/span><\/p>\n<p>Retrouvez sur notre eshop une s\u00e9lection des plus belles cr\u00e9ations bijoux de la nouvelle collection\u00a0<a href=\"https:\/\/www.joee.fr\/concept-store-louise-hendricks-pari\" style=\"font-family: -apple-system, BlinkMacSystemFont, 'San Francisco', 'Segoe UI', Roboto, 'Helvetica Neue', sans-serif;font-size: 1.4em\" target=\"_blank\" rel=\"noopener\">Louise Hendricks.<\/a><\/p>\n","protected":false},"excerpt":{"rendered":"<p>Ce bracelet se compose d&#8217;une m\u00e9daille de forme irr\u00e9guli\u00e8re sertie de zircons blancs.\u00a0 Retrouvez sur notre eshop une s\u00e9lection des plus belles cr\u00e9ations bijoux de la nouvelle collection\u00a0Louise Hendricks.<\/p>\n","protected":false},"featured_media":803199,"comment_status":"open","ping_status":"closed","template":"","meta":[],"product_brand":[],"product_cat":[1807,1756],"product_tag":[2244],"acf":[],"_links":{"self":[{"href":"https:\/\/streetmarkets.fr\/app\/wp-json\/wp\/v2\/product\/803198"}],"collection":[{"href":"https:\/\/streetmarkets.fr\/app\/wp-json\/wp\/v2\/product"}],"about":[{"href":"https:\/\/streetmarkets.fr\/app\/wp-json\/wp\/v2\/types\/product"}],"replies":[{"embeddable":true,"href":"https:\/\/streetmarkets.fr\/app\/wp-json\/wp\/v2\/comments?post=803198"}],"wp:featuredmedia":[{"embeddable":true,"href":"https:\/\/streetmarkets.fr\/app\/wp-json\/wp\/v2\/media\/803199"}],"wp:attachment":[{"href":"https:\/\/streetmarkets.fr\/app\/wp-json\/wp\/v2\/media?parent=803198"}],"wp:term":[{"taxonomy":"product_brand","embeddable":true,"href":"https:\/\/streetmarkets.fr\/app\/wp-json\/wp\/v2\/product_brand?post=803198"},{"taxonomy":"product_cat","embeddable":true,"href":"https:\/\/streetmarkets.fr\/app\/wp-json\/wp\/v2\/product_cat?post=803198"},{"taxonomy":"product_tag","embeddable":true,"href":"https:\/\/streetmarkets.fr\/app\/wp-json\/wp\/v2\/product_tag?post=803198"}],"curies":[{"name":"wp","href":"https:\/\/api.w.org\/{rel}","templated":true}]}}