{"id":802965,"date":"2024-11-01T01:20:36","date_gmt":"2024-11-01T00:20:36","guid":{"rendered":"https:\/\/streetmarkets.fr\/app\/produit\/pull-col-rond-h24-homme-noir\/"},"modified":"2025-02-04T01:08:21","modified_gmt":"2025-02-04T00:08:21","slug":"pull-col-rond-h24-homme-noir","status":"publish","type":"product","link":"https:\/\/streetmarkets.fr\/app\/produit\/pull-col-rond-h24-homme-noir\/","title":{"rendered":"Pull Col Rond (H24 \/ HOMME \/ Noir)"},"content":{"rendered":"<p>Ce pull en cachemire se pare d&#8217;une fleur rouge \u00e9clatante, brod\u00e9e &#8220;Future Roses&#8221;. Muni d&#8217;un col rond, de manches longues et de bords c\u00f4tel\u00e9s, il m\u00eale douceur et \u00e9l\u00e9gance pour r\u00e9hausser vos looks sophistiqu\u00e9s comme d\u00e9contract\u00e9s. <\/p>\n<p>&#8211; Pull en cachemire certifi\u00e9 GCS\u00ae Homme<br \/>\n<br \/>&#8211; Jacquard fleur et broderie &#8220;Future Roses&#8221;<br \/>\n<br \/>&#8211; Col rond<br \/>\n<br \/>&#8211; Bords c\u00f4tel\u00e9s<br \/>\n<br \/>&#8211; Manches longues<br \/>\n<br \/>&#8211; Coupe regular<br \/>\n<br \/>&#8211; Le Good Cashmere Standard\u00ae (GCS) est une norme ind\u00e9pendante pour un cachemire plus durable et plus responsable. Il vise \u00e0 am\u00e9liorer le bien-\u00eatre des ch\u00e8vres cachemire, les conditions de travail des \u00e9leveurs ainsi qu&#8217;\u00e0 prot\u00e9ger l&#8217;environnement.<\/p>\n","protected":false},"excerpt":{"rendered":"<p>Ce pull en cachemire se pare d&#8217;une fleur rouge \u00e9clatante, brod\u00e9e &#8220;Future Roses&#8221;. Muni d&#8217;un col rond, de manches longues et de bords c\u00f4tel\u00e9s, il m\u00eale douceur et \u00e9l\u00e9gance pour r\u00e9hausser vos looks sophistiqu\u00e9s comme d\u00e9contract\u00e9s. &#8211; Pull en cachemire certifi\u00e9 GCS\u00ae Homme &#8211; Jacquard fleur et broderie &#8220;Future Roses&#8221; &#8211; Col rond &#8211; Bords [&hellip;]<\/p>\n","protected":false},"featured_media":802966,"comment_status":"open","ping_status":"closed","template":"","meta":[],"product_brand":[6868],"product_cat":[1756,1758],"product_tag":[2244],"acf":[],"_links":{"self":[{"href":"https:\/\/streetmarkets.fr\/app\/wp-json\/wp\/v2\/product\/802965"}],"collection":[{"href":"https:\/\/streetmarkets.fr\/app\/wp-json\/wp\/v2\/product"}],"about":[{"href":"https:\/\/streetmarkets.fr\/app\/wp-json\/wp\/v2\/types\/product"}],"replies":[{"embeddable":true,"href":"https:\/\/streetmarkets.fr\/app\/wp-json\/wp\/v2\/comments?post=802965"}],"wp:featuredmedia":[{"embeddable":true,"href":"https:\/\/streetmarkets.fr\/app\/wp-json\/wp\/v2\/media\/802966"}],"wp:attachment":[{"href":"https:\/\/streetmarkets.fr\/app\/wp-json\/wp\/v2\/media?parent=802965"}],"wp:term":[{"taxonomy":"product_brand","embeddable":true,"href":"https:\/\/streetmarkets.fr\/app\/wp-json\/wp\/v2\/product_brand?post=802965"},{"taxonomy":"product_cat","embeddable":true,"href":"https:\/\/streetmarkets.fr\/app\/wp-json\/wp\/v2\/product_cat?post=802965"},{"taxonomy":"product_tag","embeddable":true,"href":"https:\/\/streetmarkets.fr\/app\/wp-json\/wp\/v2\/product_tag?post=802965"}],"curies":[{"name":"wp","href":"https:\/\/api.w.org\/{rel}","templated":true}]}}