{"id":802960,"date":"2024-11-01T01:20:35","date_gmt":"2024-11-01T00:20:35","guid":{"rendered":"https:\/\/streetmarkets.fr\/app\/produit\/pull-col-montant-court-a-torsades-h24-femme-grey-stone-moul\/"},"modified":"2025-02-04T01:08:20","modified_gmt":"2025-02-04T00:08:20","slug":"pull-col-montant-court-a-torsades-h24-femme-grey-stone-moul","status":"publish","type":"product","link":"https:\/\/streetmarkets.fr\/app\/produit\/pull-col-montant-court-a-torsades-h24-femme-grey-stone-moul\/","title":{"rendered":"Pull Col Montant Court \u00e0 Torsades (H24 \/ FEMME \/ Grey Stone Moul)"},"content":{"rendered":"<p>Confectionn\u00e9 en cachemire, ce pull court se distingue par un d\u00e9licat jeu de torsades. Muni d&#8217;un col montant, de manches longues et bords c\u00f4tel\u00e9s, il conf\u00e8re une silhouette \u00e9l\u00e9gante et intemporelle. Structurez votre silhouette en l&#8217;associant \u00e0 une jupe courte et des sneakers.<\/p>\n<p>&#8211; Pull court en cachemire certifi\u00e9 GCS\u00ae Femme<br \/>\n<br \/>&#8211; Torsades<br \/>\n<br \/>&#8211; Col montant<br \/>\n<br \/>&#8211; Manches longues amples<br \/>\n<br \/>&#8211; Bords c\u00f4tel\u00e9s<br \/>\n<br \/>&#8211; Coupe regular<br \/>\n<br \/>&#8211; Le Good Cashmere Standard\u00ae (GCS) est une norme ind\u00e9pendante pour un cachemire plus durable et plus responsable. Il vise \u00e0 am\u00e9liorer le bien-\u00eatre des ch\u00e8vres cachemire, les conditions de travail des \u00e9leveurs ainsi qu&#8217;\u00e0 prot\u00e9ger l&#8217;environnement.<\/p>\n","protected":false},"excerpt":{"rendered":"<p>Confectionn\u00e9 en cachemire, ce pull court se distingue par un d\u00e9licat jeu de torsades. Muni d&#8217;un col montant, de manches longues et bords c\u00f4tel\u00e9s, il conf\u00e8re une silhouette \u00e9l\u00e9gante et intemporelle. Structurez votre silhouette en l&#8217;associant \u00e0 une jupe courte et des sneakers. &#8211; Pull court en cachemire certifi\u00e9 GCS\u00ae Femme &#8211; Torsades &#8211; Col [&hellip;]<\/p>\n","protected":false},"featured_media":802961,"comment_status":"open","ping_status":"closed","template":"","meta":[],"product_brand":[6868],"product_cat":[1756,1762],"product_tag":[2244],"acf":[],"_links":{"self":[{"href":"https:\/\/streetmarkets.fr\/app\/wp-json\/wp\/v2\/product\/802960"}],"collection":[{"href":"https:\/\/streetmarkets.fr\/app\/wp-json\/wp\/v2\/product"}],"about":[{"href":"https:\/\/streetmarkets.fr\/app\/wp-json\/wp\/v2\/types\/product"}],"replies":[{"embeddable":true,"href":"https:\/\/streetmarkets.fr\/app\/wp-json\/wp\/v2\/comments?post=802960"}],"wp:featuredmedia":[{"embeddable":true,"href":"https:\/\/streetmarkets.fr\/app\/wp-json\/wp\/v2\/media\/802961"}],"wp:attachment":[{"href":"https:\/\/streetmarkets.fr\/app\/wp-json\/wp\/v2\/media?parent=802960"}],"wp:term":[{"taxonomy":"product_brand","embeddable":true,"href":"https:\/\/streetmarkets.fr\/app\/wp-json\/wp\/v2\/product_brand?post=802960"},{"taxonomy":"product_cat","embeddable":true,"href":"https:\/\/streetmarkets.fr\/app\/wp-json\/wp\/v2\/product_cat?post=802960"},{"taxonomy":"product_tag","embeddable":true,"href":"https:\/\/streetmarkets.fr\/app\/wp-json\/wp\/v2\/product_tag?post=802960"}],"curies":[{"name":"wp","href":"https:\/\/api.w.org\/{rel}","templated":true}]}}