{"id":802951,"date":"2024-11-01T01:20:35","date_gmt":"2024-11-01T00:20:35","guid":{"rendered":"https:\/\/streetmarkets.fr\/app\/produit\/jogging-leggings-seconde-peau-h24-femme-gris-chine-fonce\/"},"modified":"2025-03-15T01:04:31","modified_gmt":"2025-03-15T00:04:31","slug":"jogging-leggings-seconde-peau-h24-femme-gris-chine-fonce","status":"publish","type":"product","link":"https:\/\/streetmarkets.fr\/app\/produit\/jogging-leggings-seconde-peau-h24-femme-gris-chine-fonce\/","title":{"rendered":"Jogging Leggings Seconde Peau (H24 \/ FEMME \/ Gris Chin\u00e9 Fonc\u00e9)"},"content":{"rendered":"<p>Douceur et confort pour ce jogging legging long confectionn\u00e9 en cachemire. \u00c9lastiqu\u00e9 \u00e0 la taille, il se porte \u00e0 m\u00eame la peau et s&#8217;associe \u00e0 un top ajust\u00e9 ou un hoodie oversize.<\/p>\n<p>&#8211; Jogging legging long en cachemire certifi\u00e9 GCS\u00ae Femme<br \/>\n<br \/>&#8211; Taille \u00e9lastiqu\u00e9e<br \/>\n<br \/>&#8211; Coupe regular<br \/>\n<br \/>&#8211; Le Good Cashmere Standard\u00ae (GCS) est une norme ind\u00e9pendante pour un cachemire plus durable et plus responsable. Il vise \u00e0 am\u00e9liorer le bien-\u00eatre des ch\u00e8vres cachemire, les conditions de travail des \u00e9leveurs ainsi qu&#8217;\u00e0 prot\u00e9ger l&#8217;environnement.<\/p>\n","protected":false},"excerpt":{"rendered":"<p>Douceur et confort pour ce jogging legging long confectionn\u00e9 en cachemire. \u00c9lastiqu\u00e9 \u00e0 la taille, il se porte \u00e0 m\u00eame la peau et s&#8217;associe \u00e0 un top ajust\u00e9 ou un hoodie oversize. &#8211; Jogging legging long en cachemire certifi\u00e9 GCS\u00ae Femme &#8211; Taille \u00e9lastiqu\u00e9e &#8211; Coupe regular &#8211; Le Good Cashmere Standard\u00ae (GCS) est une [&hellip;]<\/p>\n","protected":false},"featured_media":802952,"comment_status":"open","ping_status":"closed","template":"","meta":[],"product_brand":[6868],"product_cat":[1756,1762],"product_tag":[2244],"acf":[],"_links":{"self":[{"href":"https:\/\/streetmarkets.fr\/app\/wp-json\/wp\/v2\/product\/802951"}],"collection":[{"href":"https:\/\/streetmarkets.fr\/app\/wp-json\/wp\/v2\/product"}],"about":[{"href":"https:\/\/streetmarkets.fr\/app\/wp-json\/wp\/v2\/types\/product"}],"replies":[{"embeddable":true,"href":"https:\/\/streetmarkets.fr\/app\/wp-json\/wp\/v2\/comments?post=802951"}],"wp:featuredmedia":[{"embeddable":true,"href":"https:\/\/streetmarkets.fr\/app\/wp-json\/wp\/v2\/media\/802952"}],"wp:attachment":[{"href":"https:\/\/streetmarkets.fr\/app\/wp-json\/wp\/v2\/media?parent=802951"}],"wp:term":[{"taxonomy":"product_brand","embeddable":true,"href":"https:\/\/streetmarkets.fr\/app\/wp-json\/wp\/v2\/product_brand?post=802951"},{"taxonomy":"product_cat","embeddable":true,"href":"https:\/\/streetmarkets.fr\/app\/wp-json\/wp\/v2\/product_cat?post=802951"},{"taxonomy":"product_tag","embeddable":true,"href":"https:\/\/streetmarkets.fr\/app\/wp-json\/wp\/v2\/product_tag?post=802951"}],"curies":[{"name":"wp","href":"https:\/\/api.w.org\/{rel}","templated":true}]}}