{"id":802937,"date":"2024-11-01T01:20:16","date_gmt":"2024-11-01T00:20:16","guid":{"rendered":"https:\/\/streetmarkets.fr\/app\/produit\/pull-col-rond-future-h24-femme-noir\/"},"modified":"2025-01-24T01:09:36","modified_gmt":"2025-01-24T00:09:36","slug":"pull-col-rond-future-h24-femme-noir","status":"publish","type":"product","link":"https:\/\/streetmarkets.fr\/app\/produit\/pull-col-rond-future-h24-femme-noir\/","title":{"rendered":"Pull Col Rond Future (H24 \/ FEMME \/ Noir)"},"content":{"rendered":"<p>Ce pull en cachemire revisite avec \u00e9l\u00e9gance les codes du vestiaire coll\u00e8ge. Muni d&#8217;un col rond, de manches longues et de bords c\u00f4tel\u00e9s, il arbore une signature contrast\u00e9e &#8220;Future&#8221; \u00e0 l&#8217;avant. Associez-le \u00e0 un pantalon d\u00e9contract\u00e9 ou une jupe courte pour un look chic et casual.<\/p>\n<p>&#8211; Pull en cachemire certifi\u00e9 GCS\u00ae Femme<br \/>\n<br \/>&#8211; Jacquard et broderie &#8220;Future&#8221; contrast\u00e9<br \/>\n<br \/>&#8211; Col rond<br \/>\n<br \/>&#8211; Manches longues<br \/>\n<br \/>&#8211; Bords c\u00f4tel\u00e9s<br \/>\n<br \/>&#8211; Coupe regular<br \/>\n<br \/>&#8211; Le Good Cashmere Standard\u00ae (GCS) est une norme ind\u00e9pendante pour un cachemire plus durable et plus responsable. Il vise \u00e0 am\u00e9liorer le bien-\u00eatre des ch\u00e8vres cachemire, les conditions de travail des \u00e9leveurs ainsi qu&#8217;\u00e0 prot\u00e9ger l&#8217;environnement.<br \/>&#8211; <u>Cachemire 4 fils<\/u> <\/p>\n","protected":false},"excerpt":{"rendered":"<p>Ce pull en cachemire revisite avec \u00e9l\u00e9gance les codes du vestiaire coll\u00e8ge. Muni d&#8217;un col rond, de manches longues et de bords c\u00f4tel\u00e9s, il arbore une signature contrast\u00e9e &#8220;Future&#8221; \u00e0 l&#8217;avant. Associez-le \u00e0 un pantalon d\u00e9contract\u00e9 ou une jupe courte pour un look chic et casual. &#8211; Pull en cachemire certifi\u00e9 GCS\u00ae Femme &#8211; Jacquard [&hellip;]<\/p>\n","protected":false},"featured_media":802938,"comment_status":"open","ping_status":"closed","template":"","meta":[],"product_brand":[6868],"product_cat":[1756,1762],"product_tag":[2244],"acf":[],"_links":{"self":[{"href":"https:\/\/streetmarkets.fr\/app\/wp-json\/wp\/v2\/product\/802937"}],"collection":[{"href":"https:\/\/streetmarkets.fr\/app\/wp-json\/wp\/v2\/product"}],"about":[{"href":"https:\/\/streetmarkets.fr\/app\/wp-json\/wp\/v2\/types\/product"}],"replies":[{"embeddable":true,"href":"https:\/\/streetmarkets.fr\/app\/wp-json\/wp\/v2\/comments?post=802937"}],"wp:featuredmedia":[{"embeddable":true,"href":"https:\/\/streetmarkets.fr\/app\/wp-json\/wp\/v2\/media\/802938"}],"wp:attachment":[{"href":"https:\/\/streetmarkets.fr\/app\/wp-json\/wp\/v2\/media?parent=802937"}],"wp:term":[{"taxonomy":"product_brand","embeddable":true,"href":"https:\/\/streetmarkets.fr\/app\/wp-json\/wp\/v2\/product_brand?post=802937"},{"taxonomy":"product_cat","embeddable":true,"href":"https:\/\/streetmarkets.fr\/app\/wp-json\/wp\/v2\/product_cat?post=802937"},{"taxonomy":"product_tag","embeddable":true,"href":"https:\/\/streetmarkets.fr\/app\/wp-json\/wp\/v2\/product_tag?post=802937"}],"curies":[{"name":"wp","href":"https:\/\/api.w.org\/{rel}","templated":true}]}}