{"id":802570,"date":"2024-10-31T05:42:58","date_gmt":"2024-10-31T04:42:58","guid":{"rendered":"https:\/\/streetmarkets.fr\/app\/produit\/hare-shearling-collar-blouson\/"},"modified":"2026-03-16T05:42:49","modified_gmt":"2026-03-16T04:42:49","slug":"hare-shearling-collar-blouson","status":"publish","type":"product","link":"https:\/\/streetmarkets.fr\/app\/produit\/hare-shearling-collar-blouson\/","title":{"rendered":"Hare Shearling Collar Blouson"},"content":{"rendered":"<p><!--td {border: 1px solid #cccccc;}br {mso-data-placement:same-cell;}--><\/p>\n<p><span data-sheets-root=\"1\" data-sheets-value=\"{&quot;1&quot;:2,&quot;2&quot;:&quot;D\u00e9couvrez le \\&quot;Hare Shearling Collar Blouson\\&quot; de SELECTED, un blouson con\u00e7u pour offrir chaleur et style. Disponible en couleurs unies \\&quot;Sky Captain\\&quot; et \\&quot;Glazed Ginger\\&quot;, ce blouson se distingue par son col doubl\u00e9 en shearling, ajoutant une touche de confort et de luxe.\\n\\nDot\u00e9 d'une fermeture \u00e9clair \u00e0 double sens, ce blouson assure une praticit\u00e9 optimale, permettant une ventilation et un ajustement faciles. Les poches ext\u00e9rieures et la poche int\u00e9rieure offrent suffisamment d'espace pour ranger vos effets personnels en toute s\u00e9curit\u00e9. La taille \u00e9lastique garantit un ajustement parfait et confortable, \u00e9pousant parfaitement votre silhouette.\\n\\nCe blouson est id\u00e9al pour les journ\u00e9es fra\u00eeches, apportant \u00e0 la fois chaleur et \u00e9l\u00e9gance \u00e0 votre tenue. Associez-le \u00e0 un jean et un pull pour un look d\u00e9contract\u00e9 ou \u00e0 un pantalon chino et des bottines pour une allure plus sophistiqu\u00e9e. Le \\&quot;Hare Shearling Collar Blouson\\&quot; est un choix incontournable pour rester chic et confortable en toute occasion.&quot;}\" data-sheets-userformat='{\"2\":897,\"3\":{\"1\":0},\"10\":1,\"11\":4,\"12\":0}'>D\u00e9couvrez le <strong>Hare Shearling Collar Blouson<\/strong> de <strong>Selected<\/strong>, un blouson con\u00e7u pour offrir chaleur et style. Disponible en couleurs unies &#8220;Sky Captain&#8221; et &#8220;Glazed Ginger&#8221;, ce blouson se distingue par son <strong>col doubl\u00e9 en shearling<\/strong>, ajoutant une touche de confort et de luxe.<\/p>\n<p>Dot\u00e9e d&#8217;une <strong>fermeture \u00e9clair \u00e0 double sens,<\/strong> de poches ext\u00e9rieures et d&#8217;une poche int\u00e9rieure, cette veste offre <strong>confort et praticit\u00e9<\/strong> pour ranger vos effets personnels en toute s\u00e9curit\u00e9. La taille \u00e9lastique garantit un <strong>ajustement parfait<\/strong> et confortable, \u00e9pousant parfaitement votre silhouette.<\/p>\n<p>Ce blouson est id\u00e9al pour les journ\u00e9es fra\u00eeches, apportant \u00e0 la fois <strong>chaleur et \u00e9l\u00e9gance<\/strong> \u00e0 votre tenue. Associez-le \u00e0 un jean et un pull pour un look d\u00e9contract\u00e9 ou \u00e0 un pantalon chino et des bottines pour une allure plus sophistiqu\u00e9e. Le <strong>Hare Shearling Collar Blouson<\/strong>\u00a0est un choix incontournable pour rester chic et confortable en toute occasion.<\/span><\/p>\n","protected":false},"excerpt":{"rendered":"<p>D\u00e9couvrez le Hare Shearling Collar Blouson de Selected, un blouson con\u00e7u pour offrir chaleur et style. Disponible en couleurs unies &#8220;Sky Captain&#8221; et &#8220;Glazed Ginger&#8221;, ce blouson se distingue par son col doubl\u00e9 en shearling, ajoutant une touche de confort et de luxe. Dot\u00e9e d&#8217;une fermeture \u00e9clair \u00e0 double sens, de poches ext\u00e9rieures et d&#8217;une [&hellip;]<\/p>\n","protected":false},"featured_media":802571,"comment_status":"open","ping_status":"closed","template":"","meta":[],"product_brand":[],"product_cat":[1756,1758],"product_tag":[2244],"acf":[],"_links":{"self":[{"href":"https:\/\/streetmarkets.fr\/app\/wp-json\/wp\/v2\/product\/802570"}],"collection":[{"href":"https:\/\/streetmarkets.fr\/app\/wp-json\/wp\/v2\/product"}],"about":[{"href":"https:\/\/streetmarkets.fr\/app\/wp-json\/wp\/v2\/types\/product"}],"replies":[{"embeddable":true,"href":"https:\/\/streetmarkets.fr\/app\/wp-json\/wp\/v2\/comments?post=802570"}],"wp:featuredmedia":[{"embeddable":true,"href":"https:\/\/streetmarkets.fr\/app\/wp-json\/wp\/v2\/media\/802571"}],"wp:attachment":[{"href":"https:\/\/streetmarkets.fr\/app\/wp-json\/wp\/v2\/media?parent=802570"}],"wp:term":[{"taxonomy":"product_brand","embeddable":true,"href":"https:\/\/streetmarkets.fr\/app\/wp-json\/wp\/v2\/product_brand?post=802570"},{"taxonomy":"product_cat","embeddable":true,"href":"https:\/\/streetmarkets.fr\/app\/wp-json\/wp\/v2\/product_cat?post=802570"},{"taxonomy":"product_tag","embeddable":true,"href":"https:\/\/streetmarkets.fr\/app\/wp-json\/wp\/v2\/product_tag?post=802570"}],"curies":[{"name":"wp","href":"https:\/\/api.w.org\/{rel}","templated":true}]}}