{"id":802267,"date":"2024-10-31T00:56:00","date_gmt":"2024-10-30T23:56:00","guid":{"rendered":"https:\/\/streetmarkets.fr\/app\/produit\/caprice-paris-createur-bague-rita-or\/"},"modified":"2025-12-14T00:28:34","modified_gmt":"2025-12-13T23:28:34","slug":"caprice-paris-createur-bague-rita-or","status":"publish","type":"product","link":"https:\/\/streetmarkets.fr\/app\/produit\/caprice-paris-createur-bague-rita-or\/","title":{"rendered":"Caprice Paris &#8211; Cr\u00e9ateur Bague Rita Or"},"content":{"rendered":"<p>Une bague au design \u00e9pur\u00e9, simple et \u00e9l\u00e9gante, \u00e0 filaments d&#8217;or\u00e9e entrem\u00eal\u00e9s.<\/p>\n<p>\u2022 Acier inoxydable argent\u00e9<br \/>\n\u2022 R\u00e9siste \u00e0 l\u2019eau<br \/>\n\u2022 Ne change pas de couleur, ne d\u00e9teint pas sur la peau<br \/>\n\u2022 Hypoallerg\u00e9nique<br \/>\n\u2022 Diam\u00e8tre : 17mm, largeur : 10mm<br \/>\n\u2022 Taille ajustable<br \/>\n\u2022 Finition : argent\u00e9 brillant (existe aussi en dor\u00e9)<\/p>\n","protected":false},"excerpt":{"rendered":"<p>Une bague au design \u00e9pur\u00e9, simple et \u00e9l\u00e9gante, \u00e0 filaments d&#8217;or\u00e9e entrem\u00eal\u00e9s. \u2022 Acier inoxydable argent\u00e9 \u2022 R\u00e9siste \u00e0 l\u2019eau \u2022 Ne change pas de couleur, ne d\u00e9teint pas sur la peau \u2022 Hypoallerg\u00e9nique \u2022 Diam\u00e8tre : 17mm, largeur : 10mm \u2022 Taille ajustable \u2022 Finition : argent\u00e9 brillant (existe aussi en dor\u00e9)<\/p>\n","protected":false},"featured_media":802268,"comment_status":"open","ping_status":"closed","template":"","meta":[],"product_brand":[],"product_cat":[1807,1756],"product_tag":[1810],"acf":[],"_links":{"self":[{"href":"https:\/\/streetmarkets.fr\/app\/wp-json\/wp\/v2\/product\/802267"}],"collection":[{"href":"https:\/\/streetmarkets.fr\/app\/wp-json\/wp\/v2\/product"}],"about":[{"href":"https:\/\/streetmarkets.fr\/app\/wp-json\/wp\/v2\/types\/product"}],"replies":[{"embeddable":true,"href":"https:\/\/streetmarkets.fr\/app\/wp-json\/wp\/v2\/comments?post=802267"}],"wp:featuredmedia":[{"embeddable":true,"href":"https:\/\/streetmarkets.fr\/app\/wp-json\/wp\/v2\/media\/802268"}],"wp:attachment":[{"href":"https:\/\/streetmarkets.fr\/app\/wp-json\/wp\/v2\/media?parent=802267"}],"wp:term":[{"taxonomy":"product_brand","embeddable":true,"href":"https:\/\/streetmarkets.fr\/app\/wp-json\/wp\/v2\/product_brand?post=802267"},{"taxonomy":"product_cat","embeddable":true,"href":"https:\/\/streetmarkets.fr\/app\/wp-json\/wp\/v2\/product_cat?post=802267"},{"taxonomy":"product_tag","embeddable":true,"href":"https:\/\/streetmarkets.fr\/app\/wp-json\/wp\/v2\/product_tag?post=802267"}],"curies":[{"name":"wp","href":"https:\/\/api.w.org\/{rel}","templated":true}]}}