{"id":801984,"date":"2024-10-30T23:44:07","date_gmt":"2024-10-30T22:44:07","guid":{"rendered":"https:\/\/streetmarkets.fr\/app\/produit\/casquette-chino-100-coton\/"},"modified":"2026-05-02T00:42:34","modified_gmt":"2026-05-01T22:42:34","slug":"casquette-chino-100-coton","status":"publish","type":"product","link":"https:\/\/streetmarkets.fr\/app\/produit\/casquette-chino-100-coton\/","title":{"rendered":"Casquette chino 100% coton"},"content":{"rendered":"<p>Casquette en 100% coton \u00e0 6 faces traditionnelle<\/p>\n<p>Casquette DANTON \u2013 Authentique et Styl\u00e9e !<\/p>\n<\/p>\n<p>D\u00e9couvrez la casquette 6 pans de DANTON, un essentiel pour les amateurs de style intemporel et fonctionnel. Fabriqu\u00e9e en 100% coton et con\u00e7ue pour durer, cette casquette allie confort et qualit\u00e9 dans un design sobre et \u00e9pur\u00e9.<\/p>\n<\/p>\n<p>La casquette est confectionn\u00e9e en tissu serg\u00e9 de coton offrant \u00e0 la fois l\u00e9g\u00e8ret\u00e9 et robustesse. Gr\u00e2ce \u00e0 un traitement Bio-stone wash, le tissu adopte une texture douce et un effet l\u00e9g\u00e8rement vieilli, pour un look naturel et authentique.<\/p>\n<\/p>\n<p>Son visi\u00e8re mod\u00e9r\u00e9ment courb\u00e9e assure une protection optimale contre le soleil tout en ajoutant une touche de style. La hauteur l\u00e9g\u00e8rement basse de cette casquette apporte un confort id\u00e9al et s&#8217;adapte \u00e0 toutes les morphologies.<\/p>\n<\/p>\n<p>Un patch logo DANTON orne le devant de la casquette, ajoutant une signature visuelle discr\u00e8te et \u00e9l\u00e9gante. Un syst\u00e8me de r\u00e9glage \u00e0 l\u2019arri\u00e8re permet un ajustement sur-mesure, parfait pour s&#8217;adapter \u00e0 toutes les tailles.<\/p>\n<\/p>\n<p>Cette casquette incarne l\u2019engagement de DANTON envers la qualit\u00e9 et l&#8217;historique du v\u00eatement de travail fran\u00e7ais. Portez-la pour compl\u00e9ter une tenue d\u00e9contract\u00e9e ou ajouter une touche de caract\u00e8re \u00e0 un look de workwear.<\/p>\n<\/p>\n<p>Caract\u00e9ristiques :<\/p>\n<\/p>\n<p>Composition : 100% coton<\/p>\n<p>Style : 6 panneaux<\/p>\n<p>Tissu : serg\u00e9 de coton avec texture Bio-stone wash<\/p>\n<p>Visi\u00e8re courb\u00e9e<\/p>\n<p>Patch logo sur l\u2019avant<\/p>\n<p>R\u00e9glage \u00e0 l\u2019arri\u00e8re pour un ajustement personnalis\u00e9<\/p>\n<\/p>\n<p>Adoptez la casquette DANTON pour un accessoire authentique, con\u00e7u avec soin pour s\u2019adapter \u00e0 toutes vos tenues du quotidien.<\/p>\n","protected":false},"excerpt":{"rendered":"<p>Casquette en 100% coton \u00e0 6 faces traditionnelle Casquette DANTON \u2013 Authentique et Styl\u00e9e ! D\u00e9couvrez la casquette 6 pans de DANTON, un essentiel pour les amateurs de style intemporel et fonctionnel. Fabriqu\u00e9e en 100% coton et con\u00e7ue pour durer, cette casquette allie confort et qualit\u00e9 dans un design sobre et \u00e9pur\u00e9. La casquette est [&hellip;]<\/p>\n","protected":false},"featured_media":801985,"comment_status":"open","ping_status":"closed","template":"","meta":[],"product_brand":[],"product_cat":[1756,1764],"product_tag":[1810],"acf":[],"_links":{"self":[{"href":"https:\/\/streetmarkets.fr\/app\/wp-json\/wp\/v2\/product\/801984"}],"collection":[{"href":"https:\/\/streetmarkets.fr\/app\/wp-json\/wp\/v2\/product"}],"about":[{"href":"https:\/\/streetmarkets.fr\/app\/wp-json\/wp\/v2\/types\/product"}],"replies":[{"embeddable":true,"href":"https:\/\/streetmarkets.fr\/app\/wp-json\/wp\/v2\/comments?post=801984"}],"wp:featuredmedia":[{"embeddable":true,"href":"https:\/\/streetmarkets.fr\/app\/wp-json\/wp\/v2\/media\/801985"}],"wp:attachment":[{"href":"https:\/\/streetmarkets.fr\/app\/wp-json\/wp\/v2\/media?parent=801984"}],"wp:term":[{"taxonomy":"product_brand","embeddable":true,"href":"https:\/\/streetmarkets.fr\/app\/wp-json\/wp\/v2\/product_brand?post=801984"},{"taxonomy":"product_cat","embeddable":true,"href":"https:\/\/streetmarkets.fr\/app\/wp-json\/wp\/v2\/product_cat?post=801984"},{"taxonomy":"product_tag","embeddable":true,"href":"https:\/\/streetmarkets.fr\/app\/wp-json\/wp\/v2\/product_tag?post=801984"}],"curies":[{"name":"wp","href":"https:\/\/api.w.org\/{rel}","templated":true}]}}