{"id":801872,"date":"2024-10-30T23:29:31","date_gmt":"2024-10-30T22:29:31","guid":{"rendered":"https:\/\/streetmarkets.fr\/app\/produit\/boutique-dior-veste-blouson-en-cuir-et-suede-bleu-marine-et-2014-par-kris-van-assche-prix-boutique-4700-taille-48\/"},"modified":"2026-04-30T00:27:31","modified_gmt":"2026-04-29T22:27:31","slug":"boutique-dior-veste-blouson-en-cuir-et-suede-bleu-marine-et-2014-par-kris-van-assche-prix-boutique-4700-taille-48","status":"publish","type":"product","link":"https:\/\/streetmarkets.fr\/app\/produit\/boutique-dior-veste-blouson-en-cuir-et-suede-bleu-marine-et-2014-par-kris-van-assche-prix-boutique-4700-taille-48\/","title":{"rendered":"Boutique DIOR Veste blouson en cuir et suede bleu marine Et&eacute; 2014 Par kris Van Assche Prix boutique 4700&euro; Taille 48"},"content":{"rendered":"<p>Superbe veste blouson de la maison de couture fran\u00e7aise DIOR, ligne Dior Homme.Mod\u00e8le iconique de la collection Dior Homme printemps \u00e9t\u00e9 2014 de Kris Van Assche.Prix boutique environ 4700\u20ac.Taill\u00e9 avec la plus grande expertise dans un m\u00e9lange de cuir et daim souple, cette veste est une pi\u00e8ce iconique et intemporelle d&#8217;excellente qualit\u00e9. Chic et \u00e9l\u00e9gant, ce blouson est parfait vous habillera en toutes circonstances du raffinement de la Maison Dior.100% cuir et su\u00e8de bleu marine.Doubl\u00e9 en satin bleu nuit.Etiquette Dior en satin gris \u00e0 l&#8217;int\u00e9rieur.Fermeture par boutons cach\u00e9s.Poignets et ceinture en tricot c\u00f4tel\u00e9 \u00e9lastiqu\u00e9.Poche int\u00e9rieure.\u00c9tiquet\u00e9 en taille S pour homme, mais convient \u00e9galement \u00e0 une femme en taille M.Largeur du buste: 53 cmLongueur du dos: 68 cmLargeur des \u00e9paules: 42 cmLongueur des manches: 67 cmTr\u00e8s bon \u00e9tat, une pi\u00e8ce sublime.  Je (Elo\u00efse, fondatrice du site) authentifie toutes les pi\u00e8ces. Mon experience dans le luxe et ma passion pour cet univers m&#8217;ont permis d&#8217;acqu\u00e9rir une excellente connaissance des produits.Toutes les pi\u00e8ces transitent par le showroom pour que je puisse en \u00e9valuer l&#8217;authenticit\u00e9. Je prends tout le temps necessaire pour \u00e9tudier la pi\u00e8ce dans les moindres d\u00e9tails et contacte directement les Maisons de Couture si j&#8217;ai le moindre doute.Les pi\u00e8ces proviennent des dressings de particuliers. Je les rach\u00e8te \u00e0 des personnes qui travaillent dans des Maisons de couture parisiennes ou \u00e0 des accros du shopping.Je n\u2019exige pas les certificats d\u2019authenticit\u00e9 et je ne les fournis pas non plus ou rarement.Les certificats ne sont pas d&#8217;une grande utilit\u00e9 car ils sont tr\u00e8s facilement falsifiables, il est beaucoup plus facile de contrefaire une carte qu&#8217;un sac complet et nous noterez par exemple que les contrefa\u00e7ons de sacs de luxe vendues sur ebay ont toutes des certificats d&#8217;authenticit\u00e9.De mani\u00e8re g\u00e9n\u00e9rale, il est tr\u00e8s facile de distinguer une contrefa\u00e7on d&#8217;un produit authentique, les pi\u00e8ces de luxe sont ch\u00e8res car cela co\u00fbte cher de les fabriquer.Il est ais\u00e9 de copier le design mais pour arriver au m\u00eame r\u00e9sultat il faut avoir des mati\u00e8res premi\u00e8res de qualit\u00e9 et le savoir faire qui permet d&#8217;obtenir des finitions proches de la perfection, ce qui n&#8217;est JAMAIS le cas des contrefa\u00e7ons.N&#8217;h\u00e9sitez pas \u00e0 me contacter contact@louiseparis.fr si vous avez des questions, je vous r\u00e9pondrai avec plaisir.Contactez-nous Vos commandes sont exp\u00e9di\u00e9es depuis notre showrooms \u00e0 Paris chaque lundi.Nous proposons deux modes de livraisonsen France:- Colissimo recommand\u00e9 par La Poste en 48h, 10\u20ac.- Retrait de votre commande au showroom \u00e0 Paris, surRENDEZ-VOUS UNIQUEMENT, notre adresse mail pour prendre rdvcontact@louiseparis.fr, gratuit.Nous proposons la livraison\u00e0 l&#8217;Internationalen colissimo recommand\u00e9.- Europe : 20\u20ac- Am\u00e9rique du Nord, Asie, Oc\u00e9anie, Am\u00e9rique centrale et Antille : 25\u20ac- Am\u00e9rique du sud : 30\u20ac. Nous vous recevons sur rendez-vous du lundi au dimanche de 9h \u00e0 21h pour essayer les pi\u00e8ces vendues sur Louise Paris ainsi que les robes de soir\u00e9es \u00e0 la location. Vous pouvez contacter Elo\u00efse par mail \u00e0 contact@louiseparis.fr ou par t\u00e9l\u00e9phone au 06 64 86 08 03 \/ 01 80 06 25 95 pour prendre rendez-vous.<\/p>\n","protected":false},"excerpt":{"rendered":"<p>Superbe veste blouson de la maison de couture fran\u00e7aise DIOR, ligne Dior Homme.Mod\u00e8le iconique de la collection Dior Homme printemps \u00e9t\u00e9 2014 de Kris Van Assche.Prix boutique environ 4700\u20ac.Taill\u00e9 avec la plus grande expertise dans un m\u00e9lange de cuir et daim souple, cette veste est une pi\u00e8ce iconique et intemporelle d&#8217;excellente qualit\u00e9. Chic et \u00e9l\u00e9gant, [&hellip;]<\/p>\n","protected":false},"featured_media":801873,"comment_status":"open","ping_status":"closed","template":"","meta":[],"product_brand":[],"product_cat":[1756,1758],"product_tag":[2244,2122],"acf":[],"_links":{"self":[{"href":"https:\/\/streetmarkets.fr\/app\/wp-json\/wp\/v2\/product\/801872"}],"collection":[{"href":"https:\/\/streetmarkets.fr\/app\/wp-json\/wp\/v2\/product"}],"about":[{"href":"https:\/\/streetmarkets.fr\/app\/wp-json\/wp\/v2\/types\/product"}],"replies":[{"embeddable":true,"href":"https:\/\/streetmarkets.fr\/app\/wp-json\/wp\/v2\/comments?post=801872"}],"wp:featuredmedia":[{"embeddable":true,"href":"https:\/\/streetmarkets.fr\/app\/wp-json\/wp\/v2\/media\/801873"}],"wp:attachment":[{"href":"https:\/\/streetmarkets.fr\/app\/wp-json\/wp\/v2\/media?parent=801872"}],"wp:term":[{"taxonomy":"product_brand","embeddable":true,"href":"https:\/\/streetmarkets.fr\/app\/wp-json\/wp\/v2\/product_brand?post=801872"},{"taxonomy":"product_cat","embeddable":true,"href":"https:\/\/streetmarkets.fr\/app\/wp-json\/wp\/v2\/product_cat?post=801872"},{"taxonomy":"product_tag","embeddable":true,"href":"https:\/\/streetmarkets.fr\/app\/wp-json\/wp\/v2\/product_tag?post=801872"}],"curies":[{"name":"wp","href":"https:\/\/api.w.org\/{rel}","templated":true}]}}