{"id":801713,"date":"2024-10-30T03:06:48","date_gmt":"2024-10-30T02:06:48","guid":{"rendered":"https:\/\/streetmarkets.fr\/app\/produit\/raer-02-cade-frankincense\/"},"modified":"2026-05-17T03:50:13","modified_gmt":"2026-05-17T01:50:13","slug":"raer-02-cade-frankincense","status":"publish","type":"product","link":"https:\/\/streetmarkets.fr\/app\/produit\/raer-02-cade-frankincense\/","title":{"rendered":"Raer 02"},"content":{"rendered":"<p>Un parfum fum\u00e9 et stratifi\u00e9 construit autour d&#8217;un centre ardent de bois de cade fran\u00e7ais \u00e9pic\u00e9 provenant de la derni\u00e8re distillerie artisanale de cade en France. Les huiles pr\u00e9cieuses extraites de l&#8217;encens br\u00fbl\u00e9 offrent plus de fum\u00e9e avec leurs notes d&#8217;encens sacr\u00e9. L&#8217;absolu de rose turque apporte \u00e9l\u00e9gance et douceur. <\/p>\n<p><em><strong>ENVO\u00dbTANT ET MYST\u00c9RIEUX, UN PARFUM FORT ET COMPLEXE, PLEIN DE PERSONNALIT\u00c9<\/strong><\/em><\/p>\n<p>Nous ajoutons ensuite de belles notes sucr\u00e9es de miel du bois de Ga\u00efac et une rare vanille de Madagascar en fond.<\/p>\n<p><em><strong>Famille : cuir<\/strong><\/em><br \/><em><strong>Classification : encens, bourbon, fum\u00e9<\/strong><\/em><\/p>\n<p>Cade + Frankincense<\/p>\n<p>Fabriqu\u00e9 \u00e0 la main en Allemagne<\/p>\n","protected":false},"excerpt":{"rendered":"<p>Un parfum fum\u00e9 et stratifi\u00e9 construit autour d&#8217;un centre ardent de bois de cade fran\u00e7ais \u00e9pic\u00e9 provenant de la derni\u00e8re distillerie artisanale de cade en France. Les huiles pr\u00e9cieuses extraites de l&#8217;encens br\u00fbl\u00e9 offrent plus de fum\u00e9e avec leurs notes d&#8217;encens sacr\u00e9. L&#8217;absolu de rose turque apporte \u00e9l\u00e9gance et douceur. ENVO\u00dbTANT ET MYST\u00c9RIEUX, UN PARFUM [&hellip;]<\/p>\n","protected":false},"featured_media":801714,"comment_status":"open","ping_status":"closed","template":"","meta":[],"product_brand":[],"product_cat":[1756,1760],"product_tag":[2244],"acf":[],"_links":{"self":[{"href":"https:\/\/streetmarkets.fr\/app\/wp-json\/wp\/v2\/product\/801713"}],"collection":[{"href":"https:\/\/streetmarkets.fr\/app\/wp-json\/wp\/v2\/product"}],"about":[{"href":"https:\/\/streetmarkets.fr\/app\/wp-json\/wp\/v2\/types\/product"}],"replies":[{"embeddable":true,"href":"https:\/\/streetmarkets.fr\/app\/wp-json\/wp\/v2\/comments?post=801713"}],"wp:featuredmedia":[{"embeddable":true,"href":"https:\/\/streetmarkets.fr\/app\/wp-json\/wp\/v2\/media\/801714"}],"wp:attachment":[{"href":"https:\/\/streetmarkets.fr\/app\/wp-json\/wp\/v2\/media?parent=801713"}],"wp:term":[{"taxonomy":"product_brand","embeddable":true,"href":"https:\/\/streetmarkets.fr\/app\/wp-json\/wp\/v2\/product_brand?post=801713"},{"taxonomy":"product_cat","embeddable":true,"href":"https:\/\/streetmarkets.fr\/app\/wp-json\/wp\/v2\/product_cat?post=801713"},{"taxonomy":"product_tag","embeddable":true,"href":"https:\/\/streetmarkets.fr\/app\/wp-json\/wp\/v2\/product_tag?post=801713"}],"curies":[{"name":"wp","href":"https:\/\/api.w.org\/{rel}","templated":true}]}}