{"id":801701,"date":"2024-10-30T03:06:48","date_gmt":"2024-10-30T02:06:48","guid":{"rendered":"https:\/\/streetmarkets.fr\/app\/produit\/raer-01-nagarmotha\/"},"modified":"2026-05-09T03:50:01","modified_gmt":"2026-05-09T01:50:01","slug":"raer-01-nagarmotha","status":"publish","type":"product","link":"https:\/\/streetmarkets.fr\/app\/produit\/raer-01-nagarmotha\/","title":{"rendered":"Raer 01"},"content":{"rendered":"<p>C&#8217;est le parfum qui a donn\u00e9 naissance \u00e0 notre marque.Ce parfum profond et terreux est construit autour du Nagarmotha, une herbe d&#8217;Inde. Nous utilisons les huiles extraites des racines de la plante pour parfumer. L&#8217;odeur de l&#8217;huile de Nagarmotha est \u00e9tonnante : chaude, bois\u00e9e, presque balsamique, et pleine de notes narcotiques exotiques et \u00e9pic\u00e9es. \u00c0 notre base audacieuse de Nagarmotha, nous ajoutons les riches notes nobles et hypnotiques du Patchouli, les \u00e9l\u00e9gantes facettes terreuses du Vetyver fum\u00e9 de Java et le luxueux Oliban moderne &#8211; \u00e9galement connu sous le nom d&#8217;encens.\u00a0<\/p>\n<p><em><strong>Un parfum exotique, audacieux, sensuel et terreux avec une fra\u00eecheur surprenante\u00a0<\/strong><\/em><\/p>\n<p>L&#8217;\u00e9clat inattendu et lumineux des agrumes provient d&#8217;une note de t\u00eate compos\u00e9e de feuilles de tilleul Makrut, de mandarine et de mandarine rouge, qui se superpose \u00e0 une base de c\u00e8dre de l&#8217;Atlas chaud et vibrant et de palmarosa brillant et fleuri.<\/p>\n<p><strong>Famille :\u00a0herbes<\/strong><br \/><strong>Classification aromatique : agrumes, herbac\u00e9e.<\/strong><\/p>\n<p>Nagarmotha<\/p>\n<p>Fabriqu\u00e9 \u00e0 la main en Allemagne\u00a0<\/p>\n<p>\u00a0AER001-30<\/p>\n","protected":false},"excerpt":{"rendered":"<p>C&#8217;est le parfum qui a donn\u00e9 naissance \u00e0 notre marque.Ce parfum profond et terreux est construit autour du Nagarmotha, une herbe d&#8217;Inde. Nous utilisons les huiles extraites des racines de la plante pour parfumer. L&#8217;odeur de l&#8217;huile de Nagarmotha est \u00e9tonnante : chaude, bois\u00e9e, presque balsamique, et pleine de notes narcotiques exotiques et \u00e9pic\u00e9es. \u00c0 [&hellip;]<\/p>\n","protected":false},"featured_media":801702,"comment_status":"open","ping_status":"closed","template":"","meta":[],"product_brand":[],"product_cat":[1756,1760],"product_tag":[2244],"acf":[],"_links":{"self":[{"href":"https:\/\/streetmarkets.fr\/app\/wp-json\/wp\/v2\/product\/801701"}],"collection":[{"href":"https:\/\/streetmarkets.fr\/app\/wp-json\/wp\/v2\/product"}],"about":[{"href":"https:\/\/streetmarkets.fr\/app\/wp-json\/wp\/v2\/types\/product"}],"replies":[{"embeddable":true,"href":"https:\/\/streetmarkets.fr\/app\/wp-json\/wp\/v2\/comments?post=801701"}],"wp:featuredmedia":[{"embeddable":true,"href":"https:\/\/streetmarkets.fr\/app\/wp-json\/wp\/v2\/media\/801702"}],"wp:attachment":[{"href":"https:\/\/streetmarkets.fr\/app\/wp-json\/wp\/v2\/media?parent=801701"}],"wp:term":[{"taxonomy":"product_brand","embeddable":true,"href":"https:\/\/streetmarkets.fr\/app\/wp-json\/wp\/v2\/product_brand?post=801701"},{"taxonomy":"product_cat","embeddable":true,"href":"https:\/\/streetmarkets.fr\/app\/wp-json\/wp\/v2\/product_cat?post=801701"},{"taxonomy":"product_tag","embeddable":true,"href":"https:\/\/streetmarkets.fr\/app\/wp-json\/wp\/v2\/product_tag?post=801701"}],"curies":[{"name":"wp","href":"https:\/\/api.w.org\/{rel}","templated":true}]}}