{"id":801689,"date":"2024-10-30T03:06:48","date_gmt":"2024-10-30T02:06:48","guid":{"rendered":"https:\/\/streetmarkets.fr\/app\/produit\/raer-05-black-white-pepper\/"},"modified":"2026-05-06T03:50:04","modified_gmt":"2026-05-06T01:50:04","slug":"raer-05-black-white-pepper","status":"publish","type":"product","link":"https:\/\/streetmarkets.fr\/app\/produit\/raer-05-black-white-pepper\/","title":{"rendered":"Raer 05"},"content":{"rendered":"<p>Notre interpr\u00e9tation d&#8217;un parfum foug\u00e8re classique avec une touche de modernit\u00e9. Un c\u0153ur \u00e9pic\u00e9 de poivre noir et de poivre blanc sert de structure. Juste derri\u00e8re ces notes ardentes et s\u00e8ches de poivre vient l&#8217;opulente et douce fleur de l&#8217;Immortelle de Corse cueillie \u00e0 la main.\u00a0<\/p>\n<p><em><strong>DES \u00c9PICES BR\u00dbLANTES ET S\u00c8CHES : VIF, EXCITANT ET PLEIN DE SURPRISES<\/strong><\/em><\/p>\n<p>Les feuilles de tabac vertes, les \u00e9pices du macis, du clou de girofle et de la r\u00e9sine de benjoin, les riches notes sucr\u00e9es de la f\u00e8ve tonka et les notes fum\u00e9es du galbanum soulignent la personnalit\u00e9 audacieuse du parfum, le tout soulign\u00e9 par une fine mousse de ch\u00eane fran\u00e7ais, l&#8217;\u00e9toffe classique de la foug\u00e8re. <\/p>\n<p>Famille : foug\u00e8re<br \/>Classification : sec, aromatique, poivr\u00e9.<\/p>\n<p>Black + White Pepper<\/p>\n<p>Fabriqu\u00e9 \u00e0 la main en Allemagne\u00a0<\/p>\n<p>\u00a0AER005-30<\/p>\n","protected":false},"excerpt":{"rendered":"<p>Notre interpr\u00e9tation d&#8217;un parfum foug\u00e8re classique avec une touche de modernit\u00e9. Un c\u0153ur \u00e9pic\u00e9 de poivre noir et de poivre blanc sert de structure. Juste derri\u00e8re ces notes ardentes et s\u00e8ches de poivre vient l&#8217;opulente et douce fleur de l&#8217;Immortelle de Corse cueillie \u00e0 la main.\u00a0 DES \u00c9PICES BR\u00dbLANTES ET S\u00c8CHES : VIF, EXCITANT ET [&hellip;]<\/p>\n","protected":false},"featured_media":801690,"comment_status":"open","ping_status":"closed","template":"","meta":[],"product_brand":[],"product_cat":[1756,1760],"product_tag":[2244],"acf":[],"_links":{"self":[{"href":"https:\/\/streetmarkets.fr\/app\/wp-json\/wp\/v2\/product\/801689"}],"collection":[{"href":"https:\/\/streetmarkets.fr\/app\/wp-json\/wp\/v2\/product"}],"about":[{"href":"https:\/\/streetmarkets.fr\/app\/wp-json\/wp\/v2\/types\/product"}],"replies":[{"embeddable":true,"href":"https:\/\/streetmarkets.fr\/app\/wp-json\/wp\/v2\/comments?post=801689"}],"wp:featuredmedia":[{"embeddable":true,"href":"https:\/\/streetmarkets.fr\/app\/wp-json\/wp\/v2\/media\/801690"}],"wp:attachment":[{"href":"https:\/\/streetmarkets.fr\/app\/wp-json\/wp\/v2\/media?parent=801689"}],"wp:term":[{"taxonomy":"product_brand","embeddable":true,"href":"https:\/\/streetmarkets.fr\/app\/wp-json\/wp\/v2\/product_brand?post=801689"},{"taxonomy":"product_cat","embeddable":true,"href":"https:\/\/streetmarkets.fr\/app\/wp-json\/wp\/v2\/product_cat?post=801689"},{"taxonomy":"product_tag","embeddable":true,"href":"https:\/\/streetmarkets.fr\/app\/wp-json\/wp\/v2\/product_tag?post=801689"}],"curies":[{"name":"wp","href":"https:\/\/api.w.org\/{rel}","templated":true}]}}