{"id":801320,"date":"2024-10-30T00:21:22","date_gmt":"2024-10-29T23:21:22","guid":{"rendered":"https:\/\/streetmarkets.fr\/app\/produit\/miroir-de-poche-inseparables\/"},"modified":"2026-04-11T01:14:39","modified_gmt":"2026-04-10T23:14:39","slug":"miroir-de-poche-inseparables","status":"publish","type":"product","link":"https:\/\/streetmarkets.fr\/app\/produit\/miroir-de-poche-inseparables\/","title":{"rendered":"Miroir de Poche Ins\u00e9parables"},"content":{"rendered":"<p><a title=\"Collection Fawn &amp; Thistle\" href=\"https:\/\/frenchtouche.com\/collections\/fawn-thistle\"><b>Collection Fawn &amp; Thistle<\/b><\/a><\/p>\n<p>Cet adorable petit miroir de poche avec son illustration d&#8217;ins\u00e9parables se glissera dans votre plus petit sac et vous aidera \u00e0 garder fi\u00e8re allure tout au long de la journ\u00e9e !<\/p>\n<ul>\n<li>Composition : badge brillant m\u00e9tallique sur la face avant et support miroir en verre sur la face arri\u00e8re<\/li>\n<li>Emball\u00e9 sous cellophane avec carte de support en standard<\/li>\n<li>Taille du miroir : 5,8 cm de diam\u00e8tre<\/li>\n<li>Taille de l&#8217;emballage : 8,1 x 11,4 cm\n<\/li>\n<li>Fabriqu\u00e9 au Royaume-Uni<\/li>\n<\/ul>\n","protected":false},"excerpt":{"rendered":"<p>Collection Fawn &amp; Thistle Cet adorable petit miroir de poche avec son illustration d&#8217;ins\u00e9parables se glissera dans votre plus petit sac et vous aidera \u00e0 garder fi\u00e8re allure tout au long de la journ\u00e9e ! Composition : badge brillant m\u00e9tallique sur la face avant et support miroir en verre sur la face arri\u00e8re Emball\u00e9 sous [&hellip;]<\/p>\n","protected":false},"featured_media":801321,"comment_status":"open","ping_status":"closed","template":"","meta":[],"product_brand":[],"product_cat":[1756,1764],"product_tag":[1811],"acf":[],"_links":{"self":[{"href":"https:\/\/streetmarkets.fr\/app\/wp-json\/wp\/v2\/product\/801320"}],"collection":[{"href":"https:\/\/streetmarkets.fr\/app\/wp-json\/wp\/v2\/product"}],"about":[{"href":"https:\/\/streetmarkets.fr\/app\/wp-json\/wp\/v2\/types\/product"}],"replies":[{"embeddable":true,"href":"https:\/\/streetmarkets.fr\/app\/wp-json\/wp\/v2\/comments?post=801320"}],"wp:featuredmedia":[{"embeddable":true,"href":"https:\/\/streetmarkets.fr\/app\/wp-json\/wp\/v2\/media\/801321"}],"wp:attachment":[{"href":"https:\/\/streetmarkets.fr\/app\/wp-json\/wp\/v2\/media?parent=801320"}],"wp:term":[{"taxonomy":"product_brand","embeddable":true,"href":"https:\/\/streetmarkets.fr\/app\/wp-json\/wp\/v2\/product_brand?post=801320"},{"taxonomy":"product_cat","embeddable":true,"href":"https:\/\/streetmarkets.fr\/app\/wp-json\/wp\/v2\/product_cat?post=801320"},{"taxonomy":"product_tag","embeddable":true,"href":"https:\/\/streetmarkets.fr\/app\/wp-json\/wp\/v2\/product_tag?post=801320"}],"curies":[{"name":"wp","href":"https:\/\/api.w.org\/{rel}","templated":true}]}}