{"id":801127,"date":"2024-10-29T07:41:30","date_gmt":"2024-10-29T06:41:30","guid":{"rendered":"https:\/\/streetmarkets.fr\/app\/produit\/basket-metallic-sky-back-70\/"},"modified":"2026-04-12T08:38:02","modified_gmt":"2026-04-12T06:38:02","slug":"basket-metallic-sky-back-70","status":"publish","type":"product","link":"https:\/\/streetmarkets.fr\/app\/produit\/basket-metallic-sky-back-70\/","title":{"rendered":"Basket metallic sky &#8211; Back 70"},"content":{"rendered":"<p>Mat\u00e9riaux :<br \/>&#8211; Tige en cuir us\u00e9 fabriqu\u00e9e \u00e0 la main<br \/>&#8211; Doublure en tissu doux et cuir<br \/>&#8211; Chausson rembourr\u00e9<br \/>&#8211; Semelle int\u00e9rieure en mousse permanente<br \/>&#8211; Semelle interm\u00e9diaire synth\u00e9tique durable<br \/>&#8211; Semelle ext\u00e9rieure en caoutchouc<\/p>\n","protected":false},"excerpt":{"rendered":"<p>Mat\u00e9riaux :&#8211; Tige en cuir us\u00e9 fabriqu\u00e9e \u00e0 la main&#8211; Doublure en tissu doux et cuir&#8211; Chausson rembourr\u00e9&#8211; Semelle int\u00e9rieure en mousse permanente&#8211; Semelle interm\u00e9diaire synth\u00e9tique durable&#8211; Semelle ext\u00e9rieure en caoutchouc<\/p>\n","protected":false},"featured_media":801128,"comment_status":"open","ping_status":"closed","template":"","meta":[],"product_brand":[],"product_cat":[1756,1763],"product_tag":[2244],"acf":[],"_links":{"self":[{"href":"https:\/\/streetmarkets.fr\/app\/wp-json\/wp\/v2\/product\/801127"}],"collection":[{"href":"https:\/\/streetmarkets.fr\/app\/wp-json\/wp\/v2\/product"}],"about":[{"href":"https:\/\/streetmarkets.fr\/app\/wp-json\/wp\/v2\/types\/product"}],"replies":[{"embeddable":true,"href":"https:\/\/streetmarkets.fr\/app\/wp-json\/wp\/v2\/comments?post=801127"}],"wp:featuredmedia":[{"embeddable":true,"href":"https:\/\/streetmarkets.fr\/app\/wp-json\/wp\/v2\/media\/801128"}],"wp:attachment":[{"href":"https:\/\/streetmarkets.fr\/app\/wp-json\/wp\/v2\/media?parent=801127"}],"wp:term":[{"taxonomy":"product_brand","embeddable":true,"href":"https:\/\/streetmarkets.fr\/app\/wp-json\/wp\/v2\/product_brand?post=801127"},{"taxonomy":"product_cat","embeddable":true,"href":"https:\/\/streetmarkets.fr\/app\/wp-json\/wp\/v2\/product_cat?post=801127"},{"taxonomy":"product_tag","embeddable":true,"href":"https:\/\/streetmarkets.fr\/app\/wp-json\/wp\/v2\/product_tag?post=801127"}],"curies":[{"name":"wp","href":"https:\/\/api.w.org\/{rel}","templated":true}]}}