{"id":797700,"date":"2024-10-27T17:23:20","date_gmt":"2024-10-27T16:23:20","guid":{"rendered":"https:\/\/streetmarkets.fr\/app\/produit\/trs-patch-true-crime-chill-2\/"},"modified":"2025-12-14T00:28:34","modified_gmt":"2025-12-13T23:28:34","slug":"trs-patch-true-crime-chill-2","status":"publish","type":"product","link":"https:\/\/streetmarkets.fr\/app\/produit\/trs-patch-true-crime-chill-2\/","title":{"rendered":"TRS &#8211; Patch True Crime &amp; Chill"},"content":{"rendered":"<p>Patch brod\u00e9 \u00e0 fixer sur vos v\u00eatements \u00e0 l&#8217;aide d&#8217;un fer \u00e0 repasser.<\/p>\n<p>Thermoadh\u00e9sif brod\u00e9<\/p>\n","protected":false},"excerpt":{"rendered":"<p>Patch brod\u00e9 \u00e0 fixer sur vos v\u00eatements \u00e0 l&#8217;aide d&#8217;un fer \u00e0 repasser. Thermoadh\u00e9sif brod\u00e9<\/p>\n","protected":false},"featured_media":0,"comment_status":"open","ping_status":"closed","template":"","meta":[],"product_brand":[],"product_cat":[1756,1760],"product_tag":[1810],"acf":[],"_links":{"self":[{"href":"https:\/\/streetmarkets.fr\/app\/wp-json\/wp\/v2\/product\/797700"}],"collection":[{"href":"https:\/\/streetmarkets.fr\/app\/wp-json\/wp\/v2\/product"}],"about":[{"href":"https:\/\/streetmarkets.fr\/app\/wp-json\/wp\/v2\/types\/product"}],"replies":[{"embeddable":true,"href":"https:\/\/streetmarkets.fr\/app\/wp-json\/wp\/v2\/comments?post=797700"}],"wp:attachment":[{"href":"https:\/\/streetmarkets.fr\/app\/wp-json\/wp\/v2\/media?parent=797700"}],"wp:term":[{"taxonomy":"product_brand","embeddable":true,"href":"https:\/\/streetmarkets.fr\/app\/wp-json\/wp\/v2\/product_brand?post=797700"},{"taxonomy":"product_cat","embeddable":true,"href":"https:\/\/streetmarkets.fr\/app\/wp-json\/wp\/v2\/product_cat?post=797700"},{"taxonomy":"product_tag","embeddable":true,"href":"https:\/\/streetmarkets.fr\/app\/wp-json\/wp\/v2\/product_tag?post=797700"}],"curies":[{"name":"wp","href":"https:\/\/api.w.org\/{rel}","templated":true}]}}