{"id":796470,"date":"2024-10-27T17:15:07","date_gmt":"2024-10-27T16:15:07","guid":{"rendered":"https:\/\/streetmarkets.fr\/app\/produit\/trs-tee-sparker-blanc\/"},"modified":"2025-12-14T00:28:31","modified_gmt":"2025-12-13T23:28:31","slug":"trs-tee-sparker-blanc","status":"publish","type":"product","link":"https:\/\/streetmarkets.fr\/app\/produit\/trs-tee-sparker-blanc\/","title":{"rendered":"TRS &#8211; Tee Sparker Blanc"},"content":{"rendered":"<p>Le t-shirt unisexe lourd<\/p>\n<p>&#8211; Manches mont\u00e9es<br \/>\n&#8211; C\u00f4tes 1&#215;1 au col<br \/>\n&#8211; Bande de nuque int\u00e9rieure dans la mati\u00e8re principale<br \/>\n&#8211; Surpiq\u00fbre \u00e0 2 aiguilles au poignet et \u00e0 l&#8217;ourlet<\/p>\n<p>Composition<\/p>\n<p>Shell: Jersey simple grosse maille, 100% Cotton &#8211; Organic Carded, Panneaux lav\u00e9s, 215 GSM<\/p>\n<p>Instructions d&#8217;entretien<\/p>\n<p>Laver avec des couleurs similaires, ne pas repasser sur l&#8217;imprim\u00e9, laver et repasser sur l&#8217;envers.<\/p>\n<p>Washing &#8211; 30\u00b0Bleaching &#8211; NoCleaning &#8211; NoIroning &#8211; 110\u00b0Drying &#8211; Tumble Dry No<\/p>\n","protected":false},"excerpt":{"rendered":"<p>Le t-shirt unisexe lourd &#8211; Manches mont\u00e9es &#8211; C\u00f4tes 1&#215;1 au col &#8211; Bande de nuque int\u00e9rieure dans la mati\u00e8re principale &#8211; Surpiq\u00fbre \u00e0 2 aiguilles au poignet et \u00e0 l&#8217;ourlet Composition Shell: Jersey simple grosse maille, 100% Cotton &#8211; Organic Carded, Panneaux lav\u00e9s, 215 GSM Instructions d&#8217;entretien Laver avec des couleurs similaires, ne pas [&hellip;]<\/p>\n","protected":false},"featured_media":796471,"comment_status":"open","ping_status":"closed","template":"","meta":[],"product_brand":[],"product_cat":[1756,1762,1758],"product_tag":[1810],"acf":[],"_links":{"self":[{"href":"https:\/\/streetmarkets.fr\/app\/wp-json\/wp\/v2\/product\/796470"}],"collection":[{"href":"https:\/\/streetmarkets.fr\/app\/wp-json\/wp\/v2\/product"}],"about":[{"href":"https:\/\/streetmarkets.fr\/app\/wp-json\/wp\/v2\/types\/product"}],"replies":[{"embeddable":true,"href":"https:\/\/streetmarkets.fr\/app\/wp-json\/wp\/v2\/comments?post=796470"}],"wp:featuredmedia":[{"embeddable":true,"href":"https:\/\/streetmarkets.fr\/app\/wp-json\/wp\/v2\/media\/796471"}],"wp:attachment":[{"href":"https:\/\/streetmarkets.fr\/app\/wp-json\/wp\/v2\/media?parent=796470"}],"wp:term":[{"taxonomy":"product_brand","embeddable":true,"href":"https:\/\/streetmarkets.fr\/app\/wp-json\/wp\/v2\/product_brand?post=796470"},{"taxonomy":"product_cat","embeddable":true,"href":"https:\/\/streetmarkets.fr\/app\/wp-json\/wp\/v2\/product_cat?post=796470"},{"taxonomy":"product_tag","embeddable":true,"href":"https:\/\/streetmarkets.fr\/app\/wp-json\/wp\/v2\/product_tag?post=796470"}],"curies":[{"name":"wp","href":"https:\/\/api.w.org\/{rel}","templated":true}]}}