{"id":796385,"date":"2024-10-27T17:15:03","date_gmt":"2024-10-27T16:15:03","guid":{"rendered":"https:\/\/streetmarkets.fr\/app\/produit\/trs-tee-creator-unisexe-black\/"},"modified":"2025-12-14T00:28:30","modified_gmt":"2025-12-13T23:28:30","slug":"trs-tee-creator-unisexe-black","status":"publish","type":"product","link":"https:\/\/streetmarkets.fr\/app\/produit\/trs-tee-creator-unisexe-black\/","title":{"rendered":"TRS &#8211; Tee Creator Unisexe Black"},"content":{"rendered":"<p>T-shirt en jersey, un classique incontournable.<\/p>\n<p>&#8211; Manches mont\u00e9es<br \/>\n&#8211; Col en c\u00f4te 1&#215;1<br \/>\n&#8211; Bande de propret\u00e9 int\u00e9rieur col dans la mati\u00e8re principale<br \/>\n&#8211; Surpiq\u00fbre double large en bas de manches et bas de corps<\/p>\n<p>Composition<\/p>\n<p>Shell: Jersey simple, 100% coton biologique fil\u00e9 et peign\u00e9, Toucher sec, 180 GSM<\/p>\n<p>Instructions d&#8217;entretien<\/p>\n<p>Laver avec des couleurs similaires, ne pas repasser sur l&#8217;imprim\u00e9, laver et repasser sur l&#8217;envers.<\/p>\n<p>Washing &#8211; 30\u00b0Bleaching &#8211; NoCleaning &#8211; NoIroning &#8211; 110\u00b0Drying &#8211; Tumble Dry No<\/p>\n","protected":false},"excerpt":{"rendered":"<p>T-shirt en jersey, un classique incontournable. &#8211; Manches mont\u00e9es &#8211; Col en c\u00f4te 1&#215;1 &#8211; Bande de propret\u00e9 int\u00e9rieur col dans la mati\u00e8re principale &#8211; Surpiq\u00fbre double large en bas de manches et bas de corps Composition Shell: Jersey simple, 100% coton biologique fil\u00e9 et peign\u00e9, Toucher sec, 180 GSM Instructions d&#8217;entretien Laver avec des [&hellip;]<\/p>\n","protected":false},"featured_media":796386,"comment_status":"open","ping_status":"closed","template":"","meta":[],"product_brand":[],"product_cat":[1756,1762,1758],"product_tag":[1810],"acf":[],"_links":{"self":[{"href":"https:\/\/streetmarkets.fr\/app\/wp-json\/wp\/v2\/product\/796385"}],"collection":[{"href":"https:\/\/streetmarkets.fr\/app\/wp-json\/wp\/v2\/product"}],"about":[{"href":"https:\/\/streetmarkets.fr\/app\/wp-json\/wp\/v2\/types\/product"}],"replies":[{"embeddable":true,"href":"https:\/\/streetmarkets.fr\/app\/wp-json\/wp\/v2\/comments?post=796385"}],"wp:featuredmedia":[{"embeddable":true,"href":"https:\/\/streetmarkets.fr\/app\/wp-json\/wp\/v2\/media\/796386"}],"wp:attachment":[{"href":"https:\/\/streetmarkets.fr\/app\/wp-json\/wp\/v2\/media?parent=796385"}],"wp:term":[{"taxonomy":"product_brand","embeddable":true,"href":"https:\/\/streetmarkets.fr\/app\/wp-json\/wp\/v2\/product_brand?post=796385"},{"taxonomy":"product_cat","embeddable":true,"href":"https:\/\/streetmarkets.fr\/app\/wp-json\/wp\/v2\/product_cat?post=796385"},{"taxonomy":"product_tag","embeddable":true,"href":"https:\/\/streetmarkets.fr\/app\/wp-json\/wp\/v2\/product_tag?post=796385"}],"curies":[{"name":"wp","href":"https:\/\/api.w.org\/{rel}","templated":true}]}}