{"id":796281,"date":"2024-10-27T17:14:21","date_gmt":"2024-10-27T16:14:21","guid":{"rendered":"https:\/\/streetmarkets.fr\/app\/produit\/caprice-paris-createur-boucle-doreilles-vicky\/"},"modified":"2025-12-14T00:28:14","modified_gmt":"2025-12-13T23:28:14","slug":"caprice-paris-createur-boucle-doreilles-vicky","status":"publish","type":"product","link":"https:\/\/streetmarkets.fr\/app\/produit\/caprice-paris-createur-boucle-doreilles-vicky\/","title":{"rendered":"Caprice Paris &#8211; Cr\u00e9ateur Boucle d&#8217;oreilles Vicky"},"content":{"rendered":"<p>De larges boucles d\u2019oreilles cr\u00e9ateur en forme de fleurs \u00e0 finition brillante pour refl\u00e9ter subtilement la lumi\u00e8re. Look solaire et \u00e9l\u00e9gance garantis.<\/p>\n<p>\u2022 Acier inoxydable dor\u00e9 \u00e0 l\u2019or fin<br \/>\n\u2022 R\u00e9sistent \u00e0 l\u2019eau<br \/>\n\u2022 Ne changent pas de couleur, ne d\u00e9teignent pas sur la peau<br \/>\n\u2022 Hypoallerg\u00e9niques<br \/>\n\u2022 Longueur: 50mm, largeur: 45mm<br \/>\n\u2022 Finition: or mat<\/p>\n","protected":false},"excerpt":{"rendered":"<p>De larges boucles d\u2019oreilles cr\u00e9ateur en forme de fleurs \u00e0 finition brillante pour refl\u00e9ter subtilement la lumi\u00e8re. Look solaire et \u00e9l\u00e9gance garantis. \u2022 Acier inoxydable dor\u00e9 \u00e0 l\u2019or fin \u2022 R\u00e9sistent \u00e0 l\u2019eau \u2022 Ne changent pas de couleur, ne d\u00e9teignent pas sur la peau \u2022 Hypoallerg\u00e9niques \u2022 Longueur: 50mm, largeur: 45mm \u2022 Finition: or [&hellip;]<\/p>\n","protected":false},"featured_media":796282,"comment_status":"open","ping_status":"closed","template":"","meta":[],"product_brand":[],"product_cat":[1807,1756],"product_tag":[1810],"acf":[],"_links":{"self":[{"href":"https:\/\/streetmarkets.fr\/app\/wp-json\/wp\/v2\/product\/796281"}],"collection":[{"href":"https:\/\/streetmarkets.fr\/app\/wp-json\/wp\/v2\/product"}],"about":[{"href":"https:\/\/streetmarkets.fr\/app\/wp-json\/wp\/v2\/types\/product"}],"replies":[{"embeddable":true,"href":"https:\/\/streetmarkets.fr\/app\/wp-json\/wp\/v2\/comments?post=796281"}],"wp:featuredmedia":[{"embeddable":true,"href":"https:\/\/streetmarkets.fr\/app\/wp-json\/wp\/v2\/media\/796282"}],"wp:attachment":[{"href":"https:\/\/streetmarkets.fr\/app\/wp-json\/wp\/v2\/media?parent=796281"}],"wp:term":[{"taxonomy":"product_brand","embeddable":true,"href":"https:\/\/streetmarkets.fr\/app\/wp-json\/wp\/v2\/product_brand?post=796281"},{"taxonomy":"product_cat","embeddable":true,"href":"https:\/\/streetmarkets.fr\/app\/wp-json\/wp\/v2\/product_cat?post=796281"},{"taxonomy":"product_tag","embeddable":true,"href":"https:\/\/streetmarkets.fr\/app\/wp-json\/wp\/v2\/product_tag?post=796281"}],"curies":[{"name":"wp","href":"https:\/\/api.w.org\/{rel}","templated":true}]}}