{"id":796246,"date":"2024-10-27T17:14:21","date_gmt":"2024-10-27T16:14:21","guid":{"rendered":"https:\/\/streetmarkets.fr\/app\/produit\/caprice-paris-createur-creoles-demeter-or\/"},"modified":"2025-12-14T00:28:13","modified_gmt":"2025-12-13T23:28:13","slug":"caprice-paris-createur-creoles-demeter-or","status":"publish","type":"product","link":"https:\/\/streetmarkets.fr\/app\/produit\/caprice-paris-createur-creoles-demeter-or\/","title":{"rendered":"Caprice Paris &#8211; Cr\u00e9ateur Cr\u00e9oles D\u00e9m\u00e9ter Or"},"content":{"rendered":"<p>Les cr\u00e9oles torsad\u00e9es D\u00e9m\u00e9ter or, d\u00e9licatement cisel\u00e9es. Un classique \u00e0 porter sans fin, qui apportera une touche de chic \u00e0 toutes vos tenues.<\/p>\n<p>\u2022 Acier inoxydable dor\u00e9 \u00e0 l\u2019or fin<br \/>\n\u2022 R\u00e9sistent \u00e0 l\u2019eau<br \/>\n\u2022 Ne changent pas de couleur, ne d\u00e9teignent pas sur la peau<br \/>\n\u2022 Hypoallerg\u00e9niques<br \/>\n\u2022 Diam\u00e8tre: 35mm, largeur: 5mm<br \/>\n\u2022 Finition: or brillant (existent aussi en argent)<\/p>\n","protected":false},"excerpt":{"rendered":"<p>Les cr\u00e9oles torsad\u00e9es D\u00e9m\u00e9ter or, d\u00e9licatement cisel\u00e9es. Un classique \u00e0 porter sans fin, qui apportera une touche de chic \u00e0 toutes vos tenues. \u2022 Acier inoxydable dor\u00e9 \u00e0 l\u2019or fin \u2022 R\u00e9sistent \u00e0 l\u2019eau \u2022 Ne changent pas de couleur, ne d\u00e9teignent pas sur la peau \u2022 Hypoallerg\u00e9niques \u2022 Diam\u00e8tre: 35mm, largeur: 5mm \u2022 Finition: [&hellip;]<\/p>\n","protected":false},"featured_media":796247,"comment_status":"open","ping_status":"closed","template":"","meta":[],"product_brand":[],"product_cat":[1807,1756],"product_tag":[1810],"acf":[],"_links":{"self":[{"href":"https:\/\/streetmarkets.fr\/app\/wp-json\/wp\/v2\/product\/796246"}],"collection":[{"href":"https:\/\/streetmarkets.fr\/app\/wp-json\/wp\/v2\/product"}],"about":[{"href":"https:\/\/streetmarkets.fr\/app\/wp-json\/wp\/v2\/types\/product"}],"replies":[{"embeddable":true,"href":"https:\/\/streetmarkets.fr\/app\/wp-json\/wp\/v2\/comments?post=796246"}],"wp:featuredmedia":[{"embeddable":true,"href":"https:\/\/streetmarkets.fr\/app\/wp-json\/wp\/v2\/media\/796247"}],"wp:attachment":[{"href":"https:\/\/streetmarkets.fr\/app\/wp-json\/wp\/v2\/media?parent=796246"}],"wp:term":[{"taxonomy":"product_brand","embeddable":true,"href":"https:\/\/streetmarkets.fr\/app\/wp-json\/wp\/v2\/product_brand?post=796246"},{"taxonomy":"product_cat","embeddable":true,"href":"https:\/\/streetmarkets.fr\/app\/wp-json\/wp\/v2\/product_cat?post=796246"},{"taxonomy":"product_tag","embeddable":true,"href":"https:\/\/streetmarkets.fr\/app\/wp-json\/wp\/v2\/product_tag?post=796246"}],"curies":[{"name":"wp","href":"https:\/\/api.w.org\/{rel}","templated":true}]}}