{"id":796206,"date":"2024-10-27T17:14:19","date_gmt":"2024-10-27T16:14:19","guid":{"rendered":"https:\/\/streetmarkets.fr\/app\/produit\/caprice-paris-collier-claudia-or\/"},"modified":"2025-12-14T00:28:13","modified_gmt":"2025-12-13T23:28:13","slug":"caprice-paris-collier-claudia-or","status":"publish","type":"product","link":"https:\/\/streetmarkets.fr\/app\/produit\/caprice-paris-collier-claudia-or\/","title":{"rendered":"Caprice Paris &#8211; Collier Claudia Or"},"content":{"rendered":"<p>Un collier cha\u00eene large \u00e0 maille dor\u00e9e, entrelac\u00e9e et finement cisel\u00e9e pour un effet \u00e0 la fois mat et tr\u00e8s lumineux.<\/p>\n<p>\u2022 Acier inoxydable dor\u00e9 \u00e0 l\u2019or fin<br \/>\n\u2022 R\u00e9siste \u00e0 l\u2019eau<br \/>\n\u2022 Ne change pas de couleur, ne d\u00e9teint pas sur la peau<br \/>\n\u2022 Hypoallerg\u00e9nique<br \/>\n\u2022 Maille tress\u00e9e<br \/>\n\u2022 Longueur mini 42cm, maxi 48cm<br \/>\n\u2022 Largeur 10mm<br \/>\n\u2022 Finition : or mat<\/p>\n<p>R\u00e9siste non seulement aux intemp\u00e9ries, mais \u00e9galement \u00e0 l&#8217;eau sal\u00e9e et il ne rouille pas. Peut ce garder lorsque l&#8217;on fait du sport, en vacances \u00e0 la mer ou \u00e0 la piscine, que l&#8217;on transpire ou pour prendre une douche.<\/p>\n","protected":false},"excerpt":{"rendered":"<p>Un collier cha\u00eene large \u00e0 maille dor\u00e9e, entrelac\u00e9e et finement cisel\u00e9e pour un effet \u00e0 la fois mat et tr\u00e8s lumineux. \u2022 Acier inoxydable dor\u00e9 \u00e0 l\u2019or fin \u2022 R\u00e9siste \u00e0 l\u2019eau \u2022 Ne change pas de couleur, ne d\u00e9teint pas sur la peau \u2022 Hypoallerg\u00e9nique \u2022 Maille tress\u00e9e \u2022 Longueur mini 42cm, maxi 48cm [&hellip;]<\/p>\n","protected":false},"featured_media":796207,"comment_status":"open","ping_status":"closed","template":"","meta":[],"product_brand":[],"product_cat":[1807,1756],"product_tag":[1810],"acf":[],"_links":{"self":[{"href":"https:\/\/streetmarkets.fr\/app\/wp-json\/wp\/v2\/product\/796206"}],"collection":[{"href":"https:\/\/streetmarkets.fr\/app\/wp-json\/wp\/v2\/product"}],"about":[{"href":"https:\/\/streetmarkets.fr\/app\/wp-json\/wp\/v2\/types\/product"}],"replies":[{"embeddable":true,"href":"https:\/\/streetmarkets.fr\/app\/wp-json\/wp\/v2\/comments?post=796206"}],"wp:featuredmedia":[{"embeddable":true,"href":"https:\/\/streetmarkets.fr\/app\/wp-json\/wp\/v2\/media\/796207"}],"wp:attachment":[{"href":"https:\/\/streetmarkets.fr\/app\/wp-json\/wp\/v2\/media?parent=796206"}],"wp:term":[{"taxonomy":"product_brand","embeddable":true,"href":"https:\/\/streetmarkets.fr\/app\/wp-json\/wp\/v2\/product_brand?post=796206"},{"taxonomy":"product_cat","embeddable":true,"href":"https:\/\/streetmarkets.fr\/app\/wp-json\/wp\/v2\/product_cat?post=796206"},{"taxonomy":"product_tag","embeddable":true,"href":"https:\/\/streetmarkets.fr\/app\/wp-json\/wp\/v2\/product_tag?post=796206"}],"curies":[{"name":"wp","href":"https:\/\/api.w.org\/{rel}","templated":true}]}}