{"id":794613,"date":"2024-10-27T15:14:22","date_gmt":"2024-10-27T14:14:22","guid":{"rendered":"https:\/\/streetmarkets.fr\/app\/produit\/stan-smith-4\/"},"modified":"2026-04-28T07:46:58","modified_gmt":"2026-04-28T05:46:58","slug":"stan-smith-4","status":"publish","type":"product","link":"https:\/\/streetmarkets.fr\/app\/produit\/stan-smith-4\/","title":{"rendered":"STAN SMITH"},"content":{"rendered":"<p>Affiche un style classique. Le tennisman Stan Smith a marqu\u00e9 son \u00e9poque. Cette chaussure adidas porte bien son nom et te permet d&#8217;imposer ton style dans la rue. Avec sa tige en cuir minimaliste et ses d\u00e9tails sobres, cette sneaker en cuir reste fid\u00e8le au mod\u00e8le original de 1971.<\/p>\n","protected":false},"excerpt":{"rendered":"<p>Affiche un style classique. Le tennisman Stan Smith a marqu\u00e9 son \u00e9poque. Cette chaussure adidas porte bien son nom et te permet d&#8217;imposer ton style dans la rue. Avec sa tige en cuir minimaliste et ses d\u00e9tails sobres, cette sneaker en cuir reste fid\u00e8le au mod\u00e8le original de 1971.<\/p>\n","protected":false},"featured_media":794614,"comment_status":"open","ping_status":"closed","template":"","meta":[],"product_brand":[2530],"product_cat":[1756,1763],"product_tag":[2244],"acf":[],"_links":{"self":[{"href":"https:\/\/streetmarkets.fr\/app\/wp-json\/wp\/v2\/product\/794613"}],"collection":[{"href":"https:\/\/streetmarkets.fr\/app\/wp-json\/wp\/v2\/product"}],"about":[{"href":"https:\/\/streetmarkets.fr\/app\/wp-json\/wp\/v2\/types\/product"}],"replies":[{"embeddable":true,"href":"https:\/\/streetmarkets.fr\/app\/wp-json\/wp\/v2\/comments?post=794613"}],"wp:featuredmedia":[{"embeddable":true,"href":"https:\/\/streetmarkets.fr\/app\/wp-json\/wp\/v2\/media\/794614"}],"wp:attachment":[{"href":"https:\/\/streetmarkets.fr\/app\/wp-json\/wp\/v2\/media?parent=794613"}],"wp:term":[{"taxonomy":"product_brand","embeddable":true,"href":"https:\/\/streetmarkets.fr\/app\/wp-json\/wp\/v2\/product_brand?post=794613"},{"taxonomy":"product_cat","embeddable":true,"href":"https:\/\/streetmarkets.fr\/app\/wp-json\/wp\/v2\/product_cat?post=794613"},{"taxonomy":"product_tag","embeddable":true,"href":"https:\/\/streetmarkets.fr\/app\/wp-json\/wp\/v2\/product_tag?post=794613"}],"curies":[{"name":"wp","href":"https:\/\/api.w.org\/{rel}","templated":true}]}}