{"id":794579,"date":"2024-10-27T15:14:20","date_gmt":"2024-10-27T14:14:20","guid":{"rendered":"https:\/\/streetmarkets.fr\/app\/produit\/gazelle-7\/"},"modified":"2026-04-19T07:45:52","modified_gmt":"2026-04-19T05:45:52","slug":"gazelle-7","status":"publish","type":"product","link":"https:\/\/streetmarkets.fr\/app\/produit\/gazelle-7\/","title":{"rendered":"GAZELLE"},"content":{"rendered":"<p>V\u00e9ritable must-have, la Gazelle est n\u00e9e sur les terrains de football avant de s&#8217;imposer dans l\u0092univers streetwear. Cette version reprend les m\u00eames mati\u00e8res, couleurs, textures et proportions que le mod\u00e8le de 1991. La tige en nubuck conf\u00e8re \u00e0 cette chaussure souplesse et confort.<\/p>\n","protected":false},"excerpt":{"rendered":"<p>V\u00e9ritable must-have, la Gazelle est n\u00e9e sur les terrains de football avant de s&#8217;imposer dans l\u0092univers streetwear. Cette version reprend les m\u00eames mati\u00e8res, couleurs, textures et proportions que le mod\u00e8le de 1991. La tige en nubuck conf\u00e8re \u00e0 cette chaussure souplesse et confort.<\/p>\n","protected":false},"featured_media":794580,"comment_status":"open","ping_status":"closed","template":"","meta":[],"product_brand":[2530],"product_cat":[1756,1763],"product_tag":[2244],"acf":[],"_links":{"self":[{"href":"https:\/\/streetmarkets.fr\/app\/wp-json\/wp\/v2\/product\/794579"}],"collection":[{"href":"https:\/\/streetmarkets.fr\/app\/wp-json\/wp\/v2\/product"}],"about":[{"href":"https:\/\/streetmarkets.fr\/app\/wp-json\/wp\/v2\/types\/product"}],"replies":[{"embeddable":true,"href":"https:\/\/streetmarkets.fr\/app\/wp-json\/wp\/v2\/comments?post=794579"}],"wp:featuredmedia":[{"embeddable":true,"href":"https:\/\/streetmarkets.fr\/app\/wp-json\/wp\/v2\/media\/794580"}],"wp:attachment":[{"href":"https:\/\/streetmarkets.fr\/app\/wp-json\/wp\/v2\/media?parent=794579"}],"wp:term":[{"taxonomy":"product_brand","embeddable":true,"href":"https:\/\/streetmarkets.fr\/app\/wp-json\/wp\/v2\/product_brand?post=794579"},{"taxonomy":"product_cat","embeddable":true,"href":"https:\/\/streetmarkets.fr\/app\/wp-json\/wp\/v2\/product_cat?post=794579"},{"taxonomy":"product_tag","embeddable":true,"href":"https:\/\/streetmarkets.fr\/app\/wp-json\/wp\/v2\/product_tag?post=794579"}],"curies":[{"name":"wp","href":"https:\/\/api.w.org\/{rel}","templated":true}]}}