{"id":794102,"date":"2024-10-27T15:13:21","date_gmt":"2024-10-27T14:13:21","guid":{"rendered":"https:\/\/streetmarkets.fr\/app\/produit\/all-star-ox-2\/"},"modified":"2026-04-12T07:46:27","modified_gmt":"2026-04-12T05:46:27","slug":"all-star-ox-2","status":"publish","type":"product","link":"https:\/\/streetmarkets.fr\/app\/produit\/all-star-ox-2\/","title":{"rendered":"ALL STAR OX"},"content":{"rendered":"<p>Les Chuck Taylor All Star sont les sneakers les plus embl\u00e9matiques au monde : elles se distinguent entre toutes par leur authenticit\u00e9 et leur silhouette caract\u00e9ristique, notamment le logo avec l&#8217;\u00e9toile au niveau de la cheville. \u00c0 l&#8217;image des grands classiques, elles s&#8217;am\u00e9liorent avec le temps. Ces sneakers aux couleurs classiques et \u00e0 la semelle en caoutchouc vulcanis\u00e9 de grande qualit\u00e9 ont marqu\u00e9 des g\u00e9n\u00e9rations enti\u00e8res. N\u00e9es sur les terrains de sport, mais adopt\u00e9es par les rebelles, rockeurs, rappeurs, artistes, r\u00eaveurs, penseurs et originaux en tous genres, les sneakers Chuck Taylor All Star restent aujourd&#8217;hui un outil d&#8217;expression personnelle, la marque d&#8217;un style individuel.<\/p>\n","protected":false},"excerpt":{"rendered":"<p>Les Chuck Taylor All Star sont les sneakers les plus embl\u00e9matiques au monde : elles se distinguent entre toutes par leur authenticit\u00e9 et leur silhouette caract\u00e9ristique, notamment le logo avec l&#8217;\u00e9toile au niveau de la cheville. \u00c0 l&#8217;image des grands classiques, elles s&#8217;am\u00e9liorent avec le temps. Ces sneakers aux couleurs classiques et \u00e0 la semelle [&hellip;]<\/p>\n","protected":false},"featured_media":794103,"comment_status":"open","ping_status":"closed","template":"","meta":[],"product_brand":[],"product_cat":[1756,1763,1759],"product_tag":[2244],"acf":[],"_links":{"self":[{"href":"https:\/\/streetmarkets.fr\/app\/wp-json\/wp\/v2\/product\/794102"}],"collection":[{"href":"https:\/\/streetmarkets.fr\/app\/wp-json\/wp\/v2\/product"}],"about":[{"href":"https:\/\/streetmarkets.fr\/app\/wp-json\/wp\/v2\/types\/product"}],"replies":[{"embeddable":true,"href":"https:\/\/streetmarkets.fr\/app\/wp-json\/wp\/v2\/comments?post=794102"}],"wp:featuredmedia":[{"embeddable":true,"href":"https:\/\/streetmarkets.fr\/app\/wp-json\/wp\/v2\/media\/794103"}],"wp:attachment":[{"href":"https:\/\/streetmarkets.fr\/app\/wp-json\/wp\/v2\/media?parent=794102"}],"wp:term":[{"taxonomy":"product_brand","embeddable":true,"href":"https:\/\/streetmarkets.fr\/app\/wp-json\/wp\/v2\/product_brand?post=794102"},{"taxonomy":"product_cat","embeddable":true,"href":"https:\/\/streetmarkets.fr\/app\/wp-json\/wp\/v2\/product_cat?post=794102"},{"taxonomy":"product_tag","embeddable":true,"href":"https:\/\/streetmarkets.fr\/app\/wp-json\/wp\/v2\/product_tag?post=794102"}],"curies":[{"name":"wp","href":"https:\/\/api.w.org\/{rel}","templated":true}]}}