{"id":792986,"date":"2024-10-27T15:10:18","date_gmt":"2024-10-27T14:10:18","guid":{"rendered":"https:\/\/streetmarkets.fr\/app\/produit\/550-6\/"},"modified":"2026-05-12T07:43:00","modified_gmt":"2026-05-12T05:43:00","slug":"550-6","status":"publish","type":"product","link":"https:\/\/streetmarkets.fr\/app\/produit\/550-6\/","title":{"rendered":"550"},"content":{"rendered":"<p>La New Balance 550 vous apportera confort et stabilit\u00e9 dans vos activit\u00e9s du quotidien puisqu&#8217;elle \u00e9tait initiallement port\u00e9e par les basketteurs professionnel.<\/p>\n","protected":false},"excerpt":{"rendered":"<p>La New Balance 550 vous apportera confort et stabilit\u00e9 dans vos activit\u00e9s du quotidien puisqu&#8217;elle \u00e9tait initiallement port\u00e9e par les basketteurs professionnel.<\/p>\n","protected":false},"featured_media":792987,"comment_status":"open","ping_status":"closed","template":"","meta":[],"product_brand":[7132],"product_cat":[1756],"product_tag":[],"acf":[],"_links":{"self":[{"href":"https:\/\/streetmarkets.fr\/app\/wp-json\/wp\/v2\/product\/792986"}],"collection":[{"href":"https:\/\/streetmarkets.fr\/app\/wp-json\/wp\/v2\/product"}],"about":[{"href":"https:\/\/streetmarkets.fr\/app\/wp-json\/wp\/v2\/types\/product"}],"replies":[{"embeddable":true,"href":"https:\/\/streetmarkets.fr\/app\/wp-json\/wp\/v2\/comments?post=792986"}],"wp:featuredmedia":[{"embeddable":true,"href":"https:\/\/streetmarkets.fr\/app\/wp-json\/wp\/v2\/media\/792987"}],"wp:attachment":[{"href":"https:\/\/streetmarkets.fr\/app\/wp-json\/wp\/v2\/media?parent=792986"}],"wp:term":[{"taxonomy":"product_brand","embeddable":true,"href":"https:\/\/streetmarkets.fr\/app\/wp-json\/wp\/v2\/product_brand?post=792986"},{"taxonomy":"product_cat","embeddable":true,"href":"https:\/\/streetmarkets.fr\/app\/wp-json\/wp\/v2\/product_cat?post=792986"},{"taxonomy":"product_tag","embeddable":true,"href":"https:\/\/streetmarkets.fr\/app\/wp-json\/wp\/v2\/product_tag?post=792986"}],"curies":[{"name":"wp","href":"https:\/\/api.w.org\/{rel}","templated":true}]}}