{"id":792651,"date":"2024-10-27T15:09:31","date_gmt":"2024-10-27T14:09:31","guid":{"rendered":"https:\/\/streetmarkets.fr\/app\/produit\/classic-leather\/"},"modified":"2026-04-28T07:43:10","modified_gmt":"2026-04-28T05:43:10","slug":"classic-leather","status":"publish","type":"product","link":"https:\/\/streetmarkets.fr\/app\/produit\/classic-leather\/","title":{"rendered":"CLASSIC LEATHER"},"content":{"rendered":"<p>Ne vous laissez jamais distancer par la mode. La tige en cuir vous offre un confort supr\u00eame. Semelle interm\u00e9diaire en EVA ajour\u00e9 pour un amorti en toute l\u00e9g\u00e8ret\u00e9. Semelle int\u00e9rieure ergonomique en PU pour maximiser le confort et la durabilit\u00e9.<\/p>\n","protected":false},"excerpt":{"rendered":"<p>Ne vous laissez jamais distancer par la mode. La tige en cuir vous offre un confort supr\u00eame. Semelle interm\u00e9diaire en EVA ajour\u00e9 pour un amorti en toute l\u00e9g\u00e8ret\u00e9. Semelle int\u00e9rieure ergonomique en PU pour maximiser le confort et la durabilit\u00e9.<\/p>\n","protected":false},"featured_media":792652,"comment_status":"open","ping_status":"closed","template":"","meta":[],"product_brand":[2537],"product_cat":[1756,1759],"product_tag":[2244],"acf":[],"_links":{"self":[{"href":"https:\/\/streetmarkets.fr\/app\/wp-json\/wp\/v2\/product\/792651"}],"collection":[{"href":"https:\/\/streetmarkets.fr\/app\/wp-json\/wp\/v2\/product"}],"about":[{"href":"https:\/\/streetmarkets.fr\/app\/wp-json\/wp\/v2\/types\/product"}],"replies":[{"embeddable":true,"href":"https:\/\/streetmarkets.fr\/app\/wp-json\/wp\/v2\/comments?post=792651"}],"wp:featuredmedia":[{"embeddable":true,"href":"https:\/\/streetmarkets.fr\/app\/wp-json\/wp\/v2\/media\/792652"}],"wp:attachment":[{"href":"https:\/\/streetmarkets.fr\/app\/wp-json\/wp\/v2\/media?parent=792651"}],"wp:term":[{"taxonomy":"product_brand","embeddable":true,"href":"https:\/\/streetmarkets.fr\/app\/wp-json\/wp\/v2\/product_brand?post=792651"},{"taxonomy":"product_cat","embeddable":true,"href":"https:\/\/streetmarkets.fr\/app\/wp-json\/wp\/v2\/product_cat?post=792651"},{"taxonomy":"product_tag","embeddable":true,"href":"https:\/\/streetmarkets.fr\/app\/wp-json\/wp\/v2\/product_tag?post=792651"}],"curies":[{"name":"wp","href":"https:\/\/api.w.org\/{rel}","templated":true}]}}