{"id":791850,"date":"2024-10-27T15:07:27","date_gmt":"2024-10-27T14:07:27","guid":{"rendered":"https:\/\/streetmarkets.fr\/app\/produit\/neumel-2\/"},"modified":"2026-04-12T07:42:10","modified_gmt":"2026-04-12T05:42:10","slug":"neumel-2","status":"publish","type":"product","link":"https:\/\/streetmarkets.fr\/app\/produit\/neumel-2\/","title":{"rendered":"NEUMEL"},"content":{"rendered":"<p>La botte Neumel allie l\u0092ADN UGG et la d\u00e9contraction de la Californie. Doubl\u00e9e de laine douce, cette chukka est d\u00e9sormais un incontournable du style urbain. Confectionn\u00e9 en su\u00e8de doux, ce mod\u00e8le populaire offre un bon amorti, est durable et se marie avec tout. Portez-le \u00e0 l\u0092int\u00e9rieur comme un chausson ou dehors avec votre jean pr\u00e9f\u00e9r\u00e9.<\/p>\n","protected":false},"excerpt":{"rendered":"<p>La botte Neumel allie l\u0092ADN UGG et la d\u00e9contraction de la Californie. Doubl\u00e9e de laine douce, cette chukka est d\u00e9sormais un incontournable du style urbain. Confectionn\u00e9 en su\u00e8de doux, ce mod\u00e8le populaire offre un bon amorti, est durable et se marie avec tout. Portez-le \u00e0 l\u0092int\u00e9rieur comme un chausson ou dehors avec votre jean pr\u00e9f\u00e9r\u00e9.<\/p>\n","protected":false},"featured_media":791851,"comment_status":"open","ping_status":"closed","template":"","meta":[],"product_brand":[],"product_cat":[1756,1763,1759],"product_tag":[2244],"acf":[],"_links":{"self":[{"href":"https:\/\/streetmarkets.fr\/app\/wp-json\/wp\/v2\/product\/791850"}],"collection":[{"href":"https:\/\/streetmarkets.fr\/app\/wp-json\/wp\/v2\/product"}],"about":[{"href":"https:\/\/streetmarkets.fr\/app\/wp-json\/wp\/v2\/types\/product"}],"replies":[{"embeddable":true,"href":"https:\/\/streetmarkets.fr\/app\/wp-json\/wp\/v2\/comments?post=791850"}],"wp:featuredmedia":[{"embeddable":true,"href":"https:\/\/streetmarkets.fr\/app\/wp-json\/wp\/v2\/media\/791851"}],"wp:attachment":[{"href":"https:\/\/streetmarkets.fr\/app\/wp-json\/wp\/v2\/media?parent=791850"}],"wp:term":[{"taxonomy":"product_brand","embeddable":true,"href":"https:\/\/streetmarkets.fr\/app\/wp-json\/wp\/v2\/product_brand?post=791850"},{"taxonomy":"product_cat","embeddable":true,"href":"https:\/\/streetmarkets.fr\/app\/wp-json\/wp\/v2\/product_cat?post=791850"},{"taxonomy":"product_tag","embeddable":true,"href":"https:\/\/streetmarkets.fr\/app\/wp-json\/wp\/v2\/product_tag?post=791850"}],"curies":[{"name":"wp","href":"https:\/\/api.w.org\/{rel}","templated":true}]}}