{"id":791725,"date":"2024-10-27T15:07:22","date_gmt":"2024-10-27T14:07:22","guid":{"rendered":"https:\/\/streetmarkets.fr\/app\/produit\/era-4\/"},"modified":"2026-05-12T07:40:56","modified_gmt":"2026-05-12T05:40:56","slug":"era-4","status":"publish","type":"product","link":"https:\/\/streetmarkets.fr\/app\/produit\/era-4\/","title":{"rendered":"ERA"},"content":{"rendered":"<p>Dot\u00e9es d&#8217;une languette et une doublure rembourr\u00e9es pour un confort accru, les Vans Era poss\u00e8dent des lacets et une semelle ext\u00e9rieure gaufr\u00e9e, pour plus d&#8217;adh\u00e9rence.<\/p>\n","protected":false},"excerpt":{"rendered":"<p>Dot\u00e9es d&#8217;une languette et une doublure rembourr\u00e9es pour un confort accru, les Vans Era poss\u00e8dent des lacets et une semelle ext\u00e9rieure gaufr\u00e9e, pour plus d&#8217;adh\u00e9rence.<\/p>\n","protected":false},"featured_media":791726,"comment_status":"open","ping_status":"closed","template":"","meta":[],"product_brand":[7138],"product_cat":[1756,1763,1759],"product_tag":[2244],"acf":[],"_links":{"self":[{"href":"https:\/\/streetmarkets.fr\/app\/wp-json\/wp\/v2\/product\/791725"}],"collection":[{"href":"https:\/\/streetmarkets.fr\/app\/wp-json\/wp\/v2\/product"}],"about":[{"href":"https:\/\/streetmarkets.fr\/app\/wp-json\/wp\/v2\/types\/product"}],"replies":[{"embeddable":true,"href":"https:\/\/streetmarkets.fr\/app\/wp-json\/wp\/v2\/comments?post=791725"}],"wp:featuredmedia":[{"embeddable":true,"href":"https:\/\/streetmarkets.fr\/app\/wp-json\/wp\/v2\/media\/791726"}],"wp:attachment":[{"href":"https:\/\/streetmarkets.fr\/app\/wp-json\/wp\/v2\/media?parent=791725"}],"wp:term":[{"taxonomy":"product_brand","embeddable":true,"href":"https:\/\/streetmarkets.fr\/app\/wp-json\/wp\/v2\/product_brand?post=791725"},{"taxonomy":"product_cat","embeddable":true,"href":"https:\/\/streetmarkets.fr\/app\/wp-json\/wp\/v2\/product_cat?post=791725"},{"taxonomy":"product_tag","embeddable":true,"href":"https:\/\/streetmarkets.fr\/app\/wp-json\/wp\/v2\/product_tag?post=791725"}],"curies":[{"name":"wp","href":"https:\/\/api.w.org\/{rel}","templated":true}]}}