{"id":791503,"date":"2024-10-27T15:06:38","date_gmt":"2024-10-27T14:06:38","guid":{"rendered":"https:\/\/streetmarkets.fr\/app\/produit\/old-skool-3\/"},"modified":"2026-04-28T07:41:15","modified_gmt":"2026-04-28T05:41:15","slug":"old-skool-3","status":"publish","type":"product","link":"https:\/\/streetmarkets.fr\/app\/produit\/old-skool-3\/","title":{"rendered":"OLD SKOOL"},"content":{"rendered":"<p>Premier mod\u00e8le \u00e0 arborer la l\u00e9gendaire rayure Sidestripe, les Vans Old Skool sont des chaussures basses \u00e0 lacets. Ce mod\u00e8le doubl\u00e9 est \u00e9galement dot\u00e9 d&#8217;un bout renforc\u00e9 pour r\u00e9sister \u00e0 l&#8217;usure et d&#8217;un col rembourr\u00e9 conjuguant maintien et souplesse. Il repose sur la semelle ext\u00e9rieure en caoutchouc gaufr\u00e9e embl\u00e9matique de Vans, pour une adh\u00e9rence accrue.<\/p>\n","protected":false},"excerpt":{"rendered":"<p>Premier mod\u00e8le \u00e0 arborer la l\u00e9gendaire rayure Sidestripe, les Vans Old Skool sont des chaussures basses \u00e0 lacets. Ce mod\u00e8le doubl\u00e9 est \u00e9galement dot\u00e9 d&#8217;un bout renforc\u00e9 pour r\u00e9sister \u00e0 l&#8217;usure et d&#8217;un col rembourr\u00e9 conjuguant maintien et souplesse. Il repose sur la semelle ext\u00e9rieure en caoutchouc gaufr\u00e9e embl\u00e9matique de Vans, pour une adh\u00e9rence accrue.<\/p>\n","protected":false},"featured_media":791504,"comment_status":"open","ping_status":"closed","template":"","meta":[],"product_brand":[7138],"product_cat":[1756,1763,1759],"product_tag":[2244],"acf":[],"_links":{"self":[{"href":"https:\/\/streetmarkets.fr\/app\/wp-json\/wp\/v2\/product\/791503"}],"collection":[{"href":"https:\/\/streetmarkets.fr\/app\/wp-json\/wp\/v2\/product"}],"about":[{"href":"https:\/\/streetmarkets.fr\/app\/wp-json\/wp\/v2\/types\/product"}],"replies":[{"embeddable":true,"href":"https:\/\/streetmarkets.fr\/app\/wp-json\/wp\/v2\/comments?post=791503"}],"wp:featuredmedia":[{"embeddable":true,"href":"https:\/\/streetmarkets.fr\/app\/wp-json\/wp\/v2\/media\/791504"}],"wp:attachment":[{"href":"https:\/\/streetmarkets.fr\/app\/wp-json\/wp\/v2\/media?parent=791503"}],"wp:term":[{"taxonomy":"product_brand","embeddable":true,"href":"https:\/\/streetmarkets.fr\/app\/wp-json\/wp\/v2\/product_brand?post=791503"},{"taxonomy":"product_cat","embeddable":true,"href":"https:\/\/streetmarkets.fr\/app\/wp-json\/wp\/v2\/product_cat?post=791503"},{"taxonomy":"product_tag","embeddable":true,"href":"https:\/\/streetmarkets.fr\/app\/wp-json\/wp\/v2\/product_tag?post=791503"}],"curies":[{"name":"wp","href":"https:\/\/api.w.org\/{rel}","templated":true}]}}