{"id":791438,"date":"2024-10-27T15:06:35","date_gmt":"2024-10-27T14:06:35","guid":{"rendered":"https:\/\/streetmarkets.fr\/app\/produit\/sk8-hi-2\/"},"modified":"2026-04-12T07:41:30","modified_gmt":"2026-04-12T05:41:30","slug":"sk8-hi-2","status":"publish","type":"product","link":"https:\/\/streetmarkets.fr\/app\/produit\/sk8-hi-2\/","title":{"rendered":"SK8 HI"},"content":{"rendered":"<p>Chaussures montantes et l\u00e9g\u00e8res \u00e0 lacets, les Vans Sk8-Hi pr\u00e9sentent un amorti sous le talon pour plus de confort, un bout renforc\u00e9 pour r\u00e9sister \u00e0 l&#8217;usure et un col rembourr\u00e9 conjuguant maintien et souplesse. L&#8217;embl\u00e9matique semelle ext\u00e9rieure gaufr\u00e9e de Vans offre une adh\u00e9rence accrue.<\/p>\n","protected":false},"excerpt":{"rendered":"<p>Chaussures montantes et l\u00e9g\u00e8res \u00e0 lacets, les Vans Sk8-Hi pr\u00e9sentent un amorti sous le talon pour plus de confort, un bout renforc\u00e9 pour r\u00e9sister \u00e0 l&#8217;usure et un col rembourr\u00e9 conjuguant maintien et souplesse. L&#8217;embl\u00e9matique semelle ext\u00e9rieure gaufr\u00e9e de Vans offre une adh\u00e9rence accrue.<\/p>\n","protected":false},"featured_media":791439,"comment_status":"open","ping_status":"closed","template":"","meta":[],"product_brand":[7138],"product_cat":[1756,1763,1759],"product_tag":[2244],"acf":[],"_links":{"self":[{"href":"https:\/\/streetmarkets.fr\/app\/wp-json\/wp\/v2\/product\/791438"}],"collection":[{"href":"https:\/\/streetmarkets.fr\/app\/wp-json\/wp\/v2\/product"}],"about":[{"href":"https:\/\/streetmarkets.fr\/app\/wp-json\/wp\/v2\/types\/product"}],"replies":[{"embeddable":true,"href":"https:\/\/streetmarkets.fr\/app\/wp-json\/wp\/v2\/comments?post=791438"}],"wp:featuredmedia":[{"embeddable":true,"href":"https:\/\/streetmarkets.fr\/app\/wp-json\/wp\/v2\/media\/791439"}],"wp:attachment":[{"href":"https:\/\/streetmarkets.fr\/app\/wp-json\/wp\/v2\/media?parent=791438"}],"wp:term":[{"taxonomy":"product_brand","embeddable":true,"href":"https:\/\/streetmarkets.fr\/app\/wp-json\/wp\/v2\/product_brand?post=791438"},{"taxonomy":"product_cat","embeddable":true,"href":"https:\/\/streetmarkets.fr\/app\/wp-json\/wp\/v2\/product_cat?post=791438"},{"taxonomy":"product_tag","embeddable":true,"href":"https:\/\/streetmarkets.fr\/app\/wp-json\/wp\/v2\/product_tag?post=791438"}],"curies":[{"name":"wp","href":"https:\/\/api.w.org\/{rel}","templated":true}]}}