{"id":791396,"date":"2024-10-27T15:06:33","date_gmt":"2024-10-27T14:06:33","guid":{"rendered":"https:\/\/streetmarkets.fr\/app\/produit\/authentic-vans-3\/"},"modified":"2026-04-12T07:41:30","modified_gmt":"2026-04-12T05:41:30","slug":"authentic-vans-3","status":"publish","type":"product","link":"https:\/\/streetmarkets.fr\/app\/produit\/authentic-vans-3\/","title":{"rendered":"AUTHENTIC VANS"},"content":{"rendered":"<p>Chaussures basses \u00e0 lacets, les Vans Authentic arborent des coutures classiques et l&#8217;\u00e9tiquette de la marque. Elles reposent sur une semelle ext\u00e9rieure gaufr\u00e9e, pour une adh\u00e9rence accrue.<\/p>\n","protected":false},"excerpt":{"rendered":"<p>Chaussures basses \u00e0 lacets, les Vans Authentic arborent des coutures classiques et l&#8217;\u00e9tiquette de la marque. Elles reposent sur une semelle ext\u00e9rieure gaufr\u00e9e, pour une adh\u00e9rence accrue.<\/p>\n","protected":false},"featured_media":791397,"comment_status":"open","ping_status":"closed","template":"","meta":[],"product_brand":[7138],"product_cat":[1756,1763,1759],"product_tag":[2244],"acf":[],"_links":{"self":[{"href":"https:\/\/streetmarkets.fr\/app\/wp-json\/wp\/v2\/product\/791396"}],"collection":[{"href":"https:\/\/streetmarkets.fr\/app\/wp-json\/wp\/v2\/product"}],"about":[{"href":"https:\/\/streetmarkets.fr\/app\/wp-json\/wp\/v2\/types\/product"}],"replies":[{"embeddable":true,"href":"https:\/\/streetmarkets.fr\/app\/wp-json\/wp\/v2\/comments?post=791396"}],"wp:featuredmedia":[{"embeddable":true,"href":"https:\/\/streetmarkets.fr\/app\/wp-json\/wp\/v2\/media\/791397"}],"wp:attachment":[{"href":"https:\/\/streetmarkets.fr\/app\/wp-json\/wp\/v2\/media?parent=791396"}],"wp:term":[{"taxonomy":"product_brand","embeddable":true,"href":"https:\/\/streetmarkets.fr\/app\/wp-json\/wp\/v2\/product_brand?post=791396"},{"taxonomy":"product_cat","embeddable":true,"href":"https:\/\/streetmarkets.fr\/app\/wp-json\/wp\/v2\/product_cat?post=791396"},{"taxonomy":"product_tag","embeddable":true,"href":"https:\/\/streetmarkets.fr\/app\/wp-json\/wp\/v2\/product_tag?post=791396"}],"curies":[{"name":"wp","href":"https:\/\/api.w.org\/{rel}","templated":true}]}}