{"id":791165,"date":"2024-10-27T15:05:51","date_gmt":"2024-10-27T14:05:51","guid":{"rendered":"https:\/\/streetmarkets.fr\/app\/produit\/dekkan-2\/"},"modified":"2026-04-12T07:40:53","modified_gmt":"2026-04-12T05:40:53","slug":"dekkan-2","status":"publish","type":"product","link":"https:\/\/streetmarkets.fr\/app\/produit\/dekkan-2\/","title":{"rendered":"DEKKAN"},"content":{"rendered":"<p>La Dekkan est fabriqu\u00e9e exclusivement \u00e0 partir de polyester recycl\u00e9 apportant respirabilit\u00e9, souplesse et l\u00e9g\u00e8ret\u00e9 \u00e0 la chaussure.<\/p>\n","protected":false},"excerpt":{"rendered":"<p>La Dekkan est fabriqu\u00e9e exclusivement \u00e0 partir de polyester recycl\u00e9 apportant respirabilit\u00e9, souplesse et l\u00e9g\u00e8ret\u00e9 \u00e0 la chaussure.<\/p>\n","protected":false},"featured_media":791166,"comment_status":"open","ping_status":"closed","template":"","meta":[],"product_brand":[2528],"product_cat":[1756,1763],"product_tag":[2244],"acf":[],"_links":{"self":[{"href":"https:\/\/streetmarkets.fr\/app\/wp-json\/wp\/v2\/product\/791165"}],"collection":[{"href":"https:\/\/streetmarkets.fr\/app\/wp-json\/wp\/v2\/product"}],"about":[{"href":"https:\/\/streetmarkets.fr\/app\/wp-json\/wp\/v2\/types\/product"}],"replies":[{"embeddable":true,"href":"https:\/\/streetmarkets.fr\/app\/wp-json\/wp\/v2\/comments?post=791165"}],"wp:featuredmedia":[{"embeddable":true,"href":"https:\/\/streetmarkets.fr\/app\/wp-json\/wp\/v2\/media\/791166"}],"wp:attachment":[{"href":"https:\/\/streetmarkets.fr\/app\/wp-json\/wp\/v2\/media?parent=791165"}],"wp:term":[{"taxonomy":"product_brand","embeddable":true,"href":"https:\/\/streetmarkets.fr\/app\/wp-json\/wp\/v2\/product_brand?post=791165"},{"taxonomy":"product_cat","embeddable":true,"href":"https:\/\/streetmarkets.fr\/app\/wp-json\/wp\/v2\/product_cat?post=791165"},{"taxonomy":"product_tag","embeddable":true,"href":"https:\/\/streetmarkets.fr\/app\/wp-json\/wp\/v2\/product_tag?post=791165"}],"curies":[{"name":"wp","href":"https:\/\/api.w.org\/{rel}","templated":true}]}}