{"id":789485,"date":"2024-10-27T15:01:57","date_gmt":"2024-10-27T14:01:57","guid":{"rendered":"https:\/\/streetmarkets.fr\/app\/produit\/c85\/"},"modified":"2026-05-12T07:36:14","modified_gmt":"2026-05-12T05:36:14","slug":"c85","status":"publish","type":"product","link":"https:\/\/streetmarkets.fr\/app\/produit\/c85\/","title":{"rendered":"C85"},"content":{"rendered":"<p>Votre passion pour l&#8217;excellence vous pousse \u00e0 refuser tout compromis ? Cette chaussure de tennis Classic est faite pour vous ! Ce mod\u00e8le embl\u00e9matique aux lignes \u00e9pur\u00e9es est tout aussi \u00e0 l&#8217;aise sur le court qu&#8217;en ville. Un mod\u00e8le fait pour les esth\u00e8tes. Une qualit\u00e9 exceptionnelle.<\/p>\n","protected":false},"excerpt":{"rendered":"<p>Votre passion pour l&#8217;excellence vous pousse \u00e0 refuser tout compromis ? Cette chaussure de tennis Classic est faite pour vous ! Ce mod\u00e8le embl\u00e9matique aux lignes \u00e9pur\u00e9es est tout aussi \u00e0 l&#8217;aise sur le court qu&#8217;en ville. Un mod\u00e8le fait pour les esth\u00e8tes. Une qualit\u00e9 exceptionnelle.<\/p>\n","protected":false},"featured_media":789486,"comment_status":"open","ping_status":"closed","template":"","meta":[],"product_brand":[2537],"product_cat":[1756,1763],"product_tag":[2244],"acf":[],"_links":{"self":[{"href":"https:\/\/streetmarkets.fr\/app\/wp-json\/wp\/v2\/product\/789485"}],"collection":[{"href":"https:\/\/streetmarkets.fr\/app\/wp-json\/wp\/v2\/product"}],"about":[{"href":"https:\/\/streetmarkets.fr\/app\/wp-json\/wp\/v2\/types\/product"}],"replies":[{"embeddable":true,"href":"https:\/\/streetmarkets.fr\/app\/wp-json\/wp\/v2\/comments?post=789485"}],"wp:featuredmedia":[{"embeddable":true,"href":"https:\/\/streetmarkets.fr\/app\/wp-json\/wp\/v2\/media\/789486"}],"wp:attachment":[{"href":"https:\/\/streetmarkets.fr\/app\/wp-json\/wp\/v2\/media?parent=789485"}],"wp:term":[{"taxonomy":"product_brand","embeddable":true,"href":"https:\/\/streetmarkets.fr\/app\/wp-json\/wp\/v2\/product_brand?post=789485"},{"taxonomy":"product_cat","embeddable":true,"href":"https:\/\/streetmarkets.fr\/app\/wp-json\/wp\/v2\/product_cat?post=789485"},{"taxonomy":"product_tag","embeddable":true,"href":"https:\/\/streetmarkets.fr\/app\/wp-json\/wp\/v2\/product_tag?post=789485"}],"curies":[{"name":"wp","href":"https:\/\/api.w.org\/{rel}","templated":true}]}}