{"id":786486,"date":"2024-10-27T14:39:44","date_gmt":"2024-10-27T13:39:44","guid":{"rendered":"https:\/\/streetmarkets.fr\/app\/produit\/portefeuille-hermes-aligator\/"},"modified":"2026-05-12T07:33:26","modified_gmt":"2026-05-12T05:33:26","slug":"portefeuille-hermes-aligator","status":"publish","type":"product","link":"https:\/\/streetmarkets.fr\/app\/produit\/portefeuille-hermes-aligator\/","title":{"rendered":"Portefeuille Herm\u00e8s aligator"},"content":{"rendered":"<p>Portefeuille Herm\u00e8s en aligator Mississipi mat et int\u00e9rieur en barenia. Etat neuf.<\/p>\n","protected":false},"excerpt":{"rendered":"<p>Portefeuille Herm\u00e8s en aligator Mississipi mat et int\u00e9rieur en barenia. Etat neuf.<\/p>\n","protected":false},"featured_media":786487,"comment_status":"open","ping_status":"closed","template":"","meta":[],"product_brand":[],"product_cat":[1756,1760],"product_tag":[2244,2122],"acf":[],"_links":{"self":[{"href":"https:\/\/streetmarkets.fr\/app\/wp-json\/wp\/v2\/product\/786486"}],"collection":[{"href":"https:\/\/streetmarkets.fr\/app\/wp-json\/wp\/v2\/product"}],"about":[{"href":"https:\/\/streetmarkets.fr\/app\/wp-json\/wp\/v2\/types\/product"}],"replies":[{"embeddable":true,"href":"https:\/\/streetmarkets.fr\/app\/wp-json\/wp\/v2\/comments?post=786486"}],"wp:featuredmedia":[{"embeddable":true,"href":"https:\/\/streetmarkets.fr\/app\/wp-json\/wp\/v2\/media\/786487"}],"wp:attachment":[{"href":"https:\/\/streetmarkets.fr\/app\/wp-json\/wp\/v2\/media?parent=786486"}],"wp:term":[{"taxonomy":"product_brand","embeddable":true,"href":"https:\/\/streetmarkets.fr\/app\/wp-json\/wp\/v2\/product_brand?post=786486"},{"taxonomy":"product_cat","embeddable":true,"href":"https:\/\/streetmarkets.fr\/app\/wp-json\/wp\/v2\/product_cat?post=786486"},{"taxonomy":"product_tag","embeddable":true,"href":"https:\/\/streetmarkets.fr\/app\/wp-json\/wp\/v2\/product_tag?post=786486"}],"curies":[{"name":"wp","href":"https:\/\/api.w.org\/{rel}","templated":true}]}}